{"id":192,"date":"2023-11-17T14:25:33","date_gmt":"2023-11-17T17:25:33","guid":{"rendered":"https:\/\/colorbanner.com.br\/?page_id=192"},"modified":"2024-01-05T21:15:17","modified_gmt":"2024-01-06T00:15:17","slug":"a-empresa-2","status":"publish","type":"page","link":"https:\/\/colorbanner.com.br\/?page_id=192","title":{"rendered":"A EMPRESA"},"content":{"rendered":"\t\t<div data-elementor-type=\"wp-page\" data-elementor-id=\"192\" class=\"elementor elementor-192\" data-elementor-post-type=\"page\">\n\t\t\t\t<div class=\"elementor-element elementor-element-34b7fa6 e-flex e-con-boxed e-con e-parent\" data-id=\"34b7fa6\" data-element_type=\"container\" data-e-type=\"container\">\n\t\t\t\t\t<div class=\"e-con-inner\">\n\t\t\t\t<div class=\"elementor-element elementor-element-1d1c7a8 elementor-widget elementor-widget-heading\" data-id=\"1d1c7a8\" data-element_type=\"widget\" data-e-type=\"widget\" data-widget_type=\"heading.default\">\n\t\t\t\t\t<h2 class=\"elementor-heading-title elementor-size-default\">SOBRE A COLOR BANNER\n<\/h2>\t\t\t\t<\/div>\n\t\t\t\t<div class=\"elementor-element elementor-element-0fd67ef elementor-widget-divider--view-line elementor-widget elementor-widget-divider\" data-id=\"0fd67ef\" data-element_type=\"widget\" data-e-type=\"widget\" data-widget_type=\"divider.default\">\n\t\t\t\t\t\t\t<div class=\"elementor-divider\">\n\t\t\t<span class=\"elementor-divider-separator\">\n\t\t\t\t\t\t<\/span>\n\t\t<\/div>\n\t\t\t\t\t\t<\/div>\n\t\t\t\t<div class=\"elementor-element elementor-element-0d242d6 elementor-widget elementor-widget-text-editor\" data-id=\"0d242d6\" data-element_type=\"widget\" data-e-type=\"widget\" data-widget_type=\"text-editor.default\">\n\t\t\t\t\t\t\t\t\t<p>Desde 2009 a Color Banner est\u00e1 no ramo de impressos, trabalhando com os melhores materiais e maquin\u00e1rios do mercado. Com isso proporcionando a nossos clientes qualidade e agilidade em nossos impressos.<\/p><p>Estamos no mercado para oferecer a voc\u00ea cliente, um atendimento personalizado, voltado \u00e0s suas necessidades e expectativas, de maneira eficaz, pois todos os setores de nossa gr\u00e1fica trabalham lado a lado, e juntos com um \u00fanico objetivo: superar as suas necessidades, com agilidade e qualidade.<\/p><p>Com a impress\u00e3o digital voc\u00ea customiza impressos de pequena tiragem. O prazo de entrega \u00e9 o principal diferencial desse tipo de impress\u00e3o, uma vez que os impressos poder\u00e3o ser produzidos em um curto espa\u00e7o de tempo.<\/p><p>Conte sempre com a Color Banner para sofistica\u00e7\u00e3o de seus impressos.<\/p>\t\t\t\t\t\t\t\t<\/div>\n\t\t\t\t\t<\/div>\n\t\t\t\t<\/div>\n\t\t<div class=\"elementor-element elementor-element-ffb8341 e-flex e-con-boxed e-con e-parent\" data-id=\"ffb8341\" data-element_type=\"container\" data-e-type=\"container\">\n\t\t\t\t\t<div class=\"e-con-inner\">\n\t\t<div class=\"elementor-element elementor-element-367e550 e-con-full e-flex e-con e-child\" data-id=\"367e550\" data-element_type=\"container\" data-e-type=\"container\">\n\t\t\t\t<div class=\"elementor-element elementor-element-9436998 elementor-widget elementor-widget-image\" data-id=\"9436998\" data-element_type=\"widget\" data-e-type=\"widget\" data-widget_type=\"image.default\">\n\t\t\t\t\t\t\t\t\t\t\t\t\t\t\t<img fetchpriority=\"high\" decoding=\"async\" width=\"800\" height=\"800\" src=\"https:\/\/colorbanner.com.br\/wp-content\/uploads\/2024\/01\/loja-santo-andre-1-1024x1024.jpg\" class=\"attachment-large size-large wp-image-725\" alt=\"\" srcset=\"https:\/\/colorbanner.com.br\/wp-content\/uploads\/2024\/01\/loja-santo-andre-1-1024x1024.jpg 1024w, https:\/\/colorbanner.com.br\/wp-content\/uploads\/2024\/01\/loja-santo-andre-1-300x300.jpg 300w, https:\/\/colorbanner.com.br\/wp-content\/uploads\/2024\/01\/loja-santo-andre-1-150x150.jpg 150w, https:\/\/colorbanner.com.br\/wp-content\/uploads\/2024\/01\/loja-santo-andre-1-768x768.jpg 768w, https:\/\/colorbanner.com.br\/wp-content\/uploads\/2024\/01\/loja-santo-andre-1-600x600.jpg 600w, https:\/\/colorbanner.com.br\/wp-content\/uploads\/2024\/01\/loja-santo-andre-1-100x100.jpg 100w, https:\/\/colorbanner.com.br\/wp-content\/uploads\/2024\/01\/loja-santo-andre-1-64x64.jpg 64w, https:\/\/colorbanner.com.br\/wp-content\/uploads\/2024\/01\/loja-santo-andre-1.jpg 1200w\" sizes=\"(max-width: 800px) 100vw, 800px\" \/>\t\t\t\t\t\t\t\t\t\t\t\t\t\t\t<\/div>\n\t\t\t\t<div class=\"elementor-element elementor-element-af0b547 elementor-widget elementor-widget-heading\" data-id=\"af0b547\" data-element_type=\"widget\" data-e-type=\"widget\" data-widget_type=\"heading.default\">\n\t\t\t\t\t<h2 class=\"elementor-heading-title elementor-size-default\">LOJA SANTO ANDR\u00c9\n<\/h2>\t\t\t\t<\/div>\n\t\t\t\t<div class=\"elementor-element elementor-element-4a20f30 elementor-widget elementor-widget-text-editor\" data-id=\"4a20f30\" data-element_type=\"widget\" data-e-type=\"widget\" data-widget_type=\"text-editor.default\">\n\t\t\t\t\t\t\t\t\t<div class=\"et_pb_column et_pb_column_1_3 et_pb_column_2 et_pb_css_mix_blend_mode_passthrough\"><div class=\"et_pb_module et_pb_blurb et_pb_blurb_0 et_pb_text_align_left et_pb_blurb_position_top et_pb_bg_layout_light\"><div class=\"et_pb_blurb_content\"><div class=\"et_pb_blurb_container\"><div class=\"et_pb_blurb_description\"><p>\u00a0Av. Queir\u00f3s Filho, 314 \u2013 Vila Am\u00e9rica\u00a0\u00a0<\/p><p><span style=\"color: var( --e-global-color-text ); font-family: var( --e-global-typography-text-font-family ), Sans-serif; font-weight: var( --e-global-typography-text-font-weight ); font-size: 1rem;\">Santo Andr\u00e9 \u2013 SP<\/span><\/p><p><span style=\"color: var( --e-global-color-text ); font-family: var( --e-global-typography-text-font-family ), Sans-serif; font-weight: var( --e-global-typography-text-font-weight ); font-size: 1rem;\">\u00a0(Pr\u00f3ximo ao Shopping Atrium)<\/span><\/p><\/div><\/div><\/div><\/div><\/div><div class=\"et_pb_column et_pb_column_1_3 et_pb_column_3 et_pb_css_mix_blend_mode_passthrough\"><div class=\"et_pb_module et_pb_blurb et_pb_blurb_1 et_pb_text_align_left et_pb_blurb_position_top et_pb_bg_layout_light\"><div class=\"et_pb_blurb_content\"><div class=\"et_pb_main_blurb_image\">\u00a0<\/div><\/div><\/div><\/div>\t\t\t\t\t\t\t\t<\/div>\n\t\t\t\t<\/div>\n\t\t<div class=\"elementor-element elementor-element-7be4a86 e-con-full e-flex e-con e-child\" data-id=\"7be4a86\" data-element_type=\"container\" data-e-type=\"container\">\n\t\t\t\t<div class=\"elementor-element elementor-element-482f888 elementor-widget elementor-widget-image\" data-id=\"482f888\" data-element_type=\"widget\" data-e-type=\"widget\" data-widget_type=\"image.default\">\n\t\t\t\t\t\t\t\t\t\t\t\t\t\t\t<img decoding=\"async\" width=\"800\" height=\"800\" src=\"https:\/\/colorbanner.com.br\/wp-content\/uploads\/2024\/01\/loja-sbc.jpg\" class=\"attachment-large size-large wp-image-730\" alt=\"\" srcset=\"https:\/\/colorbanner.com.br\/wp-content\/uploads\/2024\/01\/loja-sbc.jpg 800w, https:\/\/colorbanner.com.br\/wp-content\/uploads\/2024\/01\/loja-sbc-300x300.jpg 300w, https:\/\/colorbanner.com.br\/wp-content\/uploads\/2024\/01\/loja-sbc-150x150.jpg 150w, https:\/\/colorbanner.com.br\/wp-content\/uploads\/2024\/01\/loja-sbc-768x768.jpg 768w, https:\/\/colorbanner.com.br\/wp-content\/uploads\/2024\/01\/loja-sbc-600x600.jpg 600w, https:\/\/colorbanner.com.br\/wp-content\/uploads\/2024\/01\/loja-sbc-100x100.jpg 100w, https:\/\/colorbanner.com.br\/wp-content\/uploads\/2024\/01\/loja-sbc-64x64.jpg 64w\" sizes=\"(max-width: 800px) 100vw, 800px\" \/>\t\t\t\t\t\t\t\t\t\t\t\t\t\t\t<\/div>\n\t\t\t\t<div class=\"elementor-element elementor-element-7618ff0 elementor-widget elementor-widget-heading\" data-id=\"7618ff0\" data-element_type=\"widget\" data-e-type=\"widget\" data-widget_type=\"heading.default\">\n\t\t\t\t\t<h2 class=\"elementor-heading-title elementor-size-default\">LOJA SBC<\/h2>\t\t\t\t<\/div>\n\t\t\t\t<div class=\"elementor-element elementor-element-2a8c642 elementor-widget elementor-widget-text-editor\" data-id=\"2a8c642\" data-element_type=\"widget\" data-e-type=\"widget\" data-widget_type=\"text-editor.default\">\n\t\t\t\t\t\t\t\t\t<p>Rua Armando Sales de Oliveira, 74 &#8211; Centro<\/p><p>S\u00e3o Bernardo do Campo\u00a0<\/p><p>(Travessa da Marechal Deodoro)<\/p><p>\u00a0<\/p>\t\t\t\t\t\t\t\t<\/div>\n\t\t\t\t<\/div>\n\t\t<div class=\"elementor-element elementor-element-7461e09 e-con-full e-flex e-con e-child\" data-id=\"7461e09\" data-element_type=\"container\" data-e-type=\"container\">\n\t\t\t\t<div class=\"elementor-element elementor-element-cf7bd14 elementor-widget elementor-widget-image\" data-id=\"cf7bd14\" data-element_type=\"widget\" data-e-type=\"widget\" data-widget_type=\"image.default\">\n\t\t\t\t\t\t\t\t\t\t\t\t\t\t\t<img decoding=\"async\" width=\"762\" height=\"773\" src=\"https:\/\/colorbanner.com.br\/wp-content\/uploads\/2023\/11\/a-grafica-1.jpg\" class=\"attachment-large size-large wp-image-422\" alt=\"\" srcset=\"https:\/\/colorbanner.com.br\/wp-content\/uploads\/2023\/11\/a-grafica-1.jpg 762w, https:\/\/colorbanner.com.br\/wp-content\/uploads\/2023\/11\/a-grafica-1-296x300.jpg 296w, https:\/\/colorbanner.com.br\/wp-content\/uploads\/2023\/11\/a-grafica-1-600x609.jpg 600w, https:\/\/colorbanner.com.br\/wp-content\/uploads\/2023\/11\/a-grafica-1-100x100.jpg 100w, https:\/\/colorbanner.com.br\/wp-content\/uploads\/2023\/11\/a-grafica-1-64x65.jpg 64w\" sizes=\"(max-width: 762px) 100vw, 762px\" \/>\t\t\t\t\t\t\t\t\t\t\t\t\t\t\t<\/div>\n\t\t\t\t<div class=\"elementor-element elementor-element-e98624a elementor-widget elementor-widget-heading\" data-id=\"e98624a\" data-element_type=\"widget\" data-e-type=\"widget\" data-widget_type=\"heading.default\">\n\t\t\t\t\t<h2 class=\"elementor-heading-title elementor-size-default\">PRODU\u00c7\u00c3O<\/h2>\t\t\t\t<\/div>\n\t\t\t\t<div class=\"elementor-element elementor-element-967f6f6 elementor-widget elementor-widget-text-editor\" data-id=\"967f6f6\" data-element_type=\"widget\" data-e-type=\"widget\" data-widget_type=\"text-editor.default\">\n\t\t\t\t\t\t\t\t\t<div class=\"et_pb_column et_pb_column_1_3 et_pb_column_2 et_pb_css_mix_blend_mode_passthrough\"><div class=\"et_pb_module et_pb_blurb et_pb_blurb_0 et_pb_text_align_left et_pb_blurb_position_top et_pb_bg_layout_light\"><div class=\"et_pb_blurb_content\"><div class=\"et_pb_blurb_container\"><div class=\"et_pb_blurb_description\"><p>Com produ\u00e7\u00e3o pr\u00f3pria podemos oferecer benef\u00edcios aos clientes, como maior controle de qualidade, personaliza\u00e7\u00e3o, pre\u00e7os competitivos e uma cadeia de suprimentos mais transparente.<\/p><\/div><\/div><\/div><\/div><\/div>\t\t\t\t\t\t\t\t<\/div>\n\t\t\t\t<\/div>\n\t\t\t\t\t<\/div>\n\t\t\t\t<\/div>\n\t\t\t\t<\/div>\n\t\t","protected":false},"excerpt":{"rendered":"<p>SOBRE A COLOR BANNER Desde 2009 a Color Banner est\u00e1 no ramo de impressos, trabalhando com os melhores materiais e maquin\u00e1rios do mercado. Com isso proporcionando a nossos clientes qualidade e agilidade em nossos impressos. Estamos no mercado para oferecer a voc\u00ea cliente, um atendimento personalizado, voltado \u00e0s suas necessidades e expectativas, de maneira eficaz, [&hellip;]<\/p>\n","protected":false},"author":3,"featured_media":0,"parent":0,"menu_order":0,"comment_status":"closed","ping_status":"closed","template":"elementor_header_footer","meta":{"footnotes":""},"class_list":["post-192","page","type-page","status-publish","hentry"],"_links":{"self":[{"href":"https:\/\/colorbanner.com.br\/index.php?rest_route=\/wp\/v2\/pages\/192","targetHints":{"allow":["GET"]}}],"collection":[{"href":"https:\/\/colorbanner.com.br\/index.php?rest_route=\/wp\/v2\/pages"}],"about":[{"href":"https:\/\/colorbanner.com.br\/index.php?rest_route=\/wp\/v2\/types\/page"}],"author":[{"embeddable":true,"href":"https:\/\/colorbanner.com.br\/index.php?rest_route=\/wp\/v2\/users\/3"}],"replies":[{"embeddable":true,"href":"https:\/\/colorbanner.com.br\/index.php?rest_route=%2Fwp%2Fv2%2Fcomments&post=192"}],"version-history":[{"count":16,"href":"https:\/\/colorbanner.com.br\/index.php?rest_route=\/wp\/v2\/pages\/192\/revisions"}],"predecessor-version":[{"id":737,"href":"https:\/\/colorbanner.com.br\/index.php?rest_route=\/wp\/v2\/pages\/192\/revisions\/737"}],"wp:attachment":[{"href":"https:\/\/colorbanner.com.br\/index.php?rest_route=%2Fwp%2Fv2%2Fmedia&parent=192"}],"curies":[{"name":"wp","href":"https:\/\/api.w.org\/{rel}","templated":true}]}}