{"id":7,"date":"2023-11-11T08:32:41","date_gmt":"2023-11-11T11:32:41","guid":{"rendered":"https:\/\/colorbanner.com.br\/?page_id=7"},"modified":"2023-11-17T14:17:16","modified_gmt":"2023-11-17T17:17:16","slug":"carrinho","status":"publish","type":"page","link":"https:\/\/colorbanner.com.br\/?page_id=7","title":{"rendered":"Carrinho"},"content":{"rendered":"<div class=\"woocommerce\"><div class=\"woocommerce-notices-wrapper\"><\/div>\n<form class=\"woocommerce-cart-form\" action=\"https:\/\/colorbanner.com.br\/?page_id=7\" method=\"post\">\n\t\n\t<table class=\"shop_table shop_table_responsive cart woocommerce-cart-form__contents\" cellspacing=\"0\">\n\t\t<thead>\n\t\t\t<tr>\n\t\t\t\t<th class=\"product-remove\"><span class=\"screen-reader-text\">Remover item<\/span><\/th>\n\t\t\t\t<th class=\"product-thumbnail\"><span class=\"screen-reader-text\">Imagem de miniatura<\/span><\/th>\n\t\t\t\t<th scope=\"col\" class=\"product-name\">Produto<\/th>\n\t\t\t\t<th scope=\"col\" class=\"product-price\">Pre\u00e7o<\/th>\n\t\t\t\t<th scope=\"col\" class=\"product-quantity\">Quantidade<\/th>\n\t\t\t\t<th scope=\"col\" class=\"product-subtotal\">Subtotal<\/th>\n\t\t\t<\/tr>\n\t\t<\/thead>\n\t\t<tbody>\n\t\t\t\n\t\t\t\t\t\t\t\t<tr class=\"woocommerce-cart-form__cart-item cart_item\">\n\n\t\t\t\t\t\t<td class=\"product-remove\">\n\t\t\t\t\t\t\t<a role=\"button\" href=\"https:\/\/colorbanner.com.br\/?page_id=7&#038;remove_item=68d30a9594728bc39aa24be94b319d21&#038;_wpnonce=8e55de177c\" class=\"remove\" aria-label=\"Remover FAIXA - 1,0X1,0 do carrinho\" data-product_id=\"84\" data-product_sku=\"\">&times;<\/a>\t\t\t\t\t\t<\/td>\n\n\t\t\t\t\t\t<td class=\"product-thumbnail\">\n\t\t\t\t\t\t<a href=\"https:\/\/colorbanner.com.br\/?product=faixa-10x10\"><img fetchpriority=\"high\" decoding=\"async\" width=\"300\" height=\"300\" src=\"https:\/\/colorbanner.com.br\/wp-content\/uploads\/2023\/11\/3-300x300.jpg\" class=\"attachment-woocommerce_thumbnail size-woocommerce_thumbnail\" alt=\"FAIXA - 1,0X1,0\" srcset=\"https:\/\/colorbanner.com.br\/wp-content\/uploads\/2023\/11\/3-300x300.jpg 300w, https:\/\/colorbanner.com.br\/wp-content\/uploads\/2023\/11\/3-1024x1024.jpg 1024w, https:\/\/colorbanner.com.br\/wp-content\/uploads\/2023\/11\/3-150x150.jpg 150w, https:\/\/colorbanner.com.br\/wp-content\/uploads\/2023\/11\/3-768x768.jpg 768w, https:\/\/colorbanner.com.br\/wp-content\/uploads\/2023\/11\/3-1536x1536.jpg 1536w, https:\/\/colorbanner.com.br\/wp-content\/uploads\/2023\/11\/3-600x600.jpg 600w, https:\/\/colorbanner.com.br\/wp-content\/uploads\/2023\/11\/3-100x100.jpg 100w, https:\/\/colorbanner.com.br\/wp-content\/uploads\/2023\/11\/3.jpg 1575w\" sizes=\"(max-width: 300px) 100vw, 300px\" \/><\/a>\t\t\t\t\t\t<\/td>\n\n\t\t\t\t\t\t<td scope=\"row\" role=\"rowheader\" class=\"product-name\" data-title=\"Produto\">\n\t\t\t\t\t\t<a href=\"https:\/\/colorbanner.com.br\/?product=faixa-10x10\">FAIXA - 1,0X1,0<\/a>\t\t\t\t\t\t<\/td>\n\n\t\t\t\t\t\t<td class=\"product-price\" data-title=\"Pre\u00e7o\">\n\t\t\t\t\t\t\t<span class=\"woocommerce-Price-amount amount\"><bdi><span class=\"woocommerce-Price-currencySymbol\">&#82;&#36;<\/span>&nbsp;3.500,00<\/bdi><\/span>\t\t\t\t\t\t<\/td>\n\n\t\t\t\t\t\t<td class=\"product-quantity\" data-title=\"Quantidade\">\n\t\t\t\t\t\t<div class=\"quantity\">\n\t\t<label class=\"screen-reader-text\" for=\"quantity_69fcea3f83148\">FAIXA - 1,0X1,0 quantidade<\/label>\n\t<input\n\t\ttype=\"number\"\n\t\t\t\tid=\"quantity_69fcea3f83148\"\n\t\tclass=\"input-text qty text\"\n\t\tname=\"cart[68d30a9594728bc39aa24be94b319d21][qty]\"\n\t\tvalue=\"1\"\n\t\taria-label=\"Quantidade de produto\"\n\t\t\t\tmin=\"0\"\n\t\t\t\t\t\t\tstep=\"1\"\n\t\t\tplaceholder=\"\"\n\t\t\tinputmode=\"numeric\"\n\t\t\tautocomplete=\"off\"\n\t\t\t\/>\n\t<\/div>\n\t\t\t\t\t\t<\/td>\n\n\t\t\t\t\t\t<td class=\"product-subtotal\" data-title=\"Subtotal\">\n\t\t\t\t\t\t\t<span class=\"woocommerce-Price-amount amount\"><bdi><span class=\"woocommerce-Price-currencySymbol\">&#82;&#36;<\/span>&nbsp;3.500,00<\/bdi><\/span>\t\t\t\t\t\t<\/td>\n\t\t\t\t\t<\/tr>\n\t\t\t\t\t\t\t\t\t\t<tr class=\"woocommerce-cart-form__cart-item cart_item\">\n\n\t\t\t\t\t\t<td class=\"product-remove\">\n\t\t\t\t\t\t\t<a role=\"button\" href=\"https:\/\/colorbanner.com.br\/?page_id=7&#038;remove_item=3ef815416f775098fe977004015c6193&#038;_wpnonce=8e55de177c\" class=\"remove\" aria-label=\"Remover Banner 0,70X1,0 mts (ARTE PRODUZIDA PELA COLOR BANNER) do carrinho\" data-product_id=\"85\" data-product_sku=\"\">&times;<\/a>\t\t\t\t\t\t<\/td>\n\n\t\t\t\t\t\t<td class=\"product-thumbnail\">\n\t\t\t\t\t\t<a href=\"https:\/\/colorbanner.com.br\/?product=banner-070x10-mts-arte-produzida-pela-color-banner\"><img decoding=\"async\" width=\"300\" height=\"300\" src=\"https:\/\/colorbanner.com.br\/wp-content\/uploads\/2023\/11\/3-1-300x300.jpg\" class=\"attachment-woocommerce_thumbnail size-woocommerce_thumbnail\" alt=\"Banner 0,70X1,0 mts (ARTE PRODUZIDA PELA COLOR BANNER)\" srcset=\"https:\/\/colorbanner.com.br\/wp-content\/uploads\/2023\/11\/3-1-300x300.jpg 300w, https:\/\/colorbanner.com.br\/wp-content\/uploads\/2023\/11\/3-1-150x150.jpg 150w, https:\/\/colorbanner.com.br\/wp-content\/uploads\/2023\/11\/3-1-100x100.jpg 100w, https:\/\/colorbanner.com.br\/wp-content\/uploads\/2023\/11\/3-1.jpg 400w\" sizes=\"(max-width: 300px) 100vw, 300px\" \/><\/a>\t\t\t\t\t\t<\/td>\n\n\t\t\t\t\t\t<td scope=\"row\" role=\"rowheader\" class=\"product-name\" data-title=\"Produto\">\n\t\t\t\t\t\t<a href=\"https:\/\/colorbanner.com.br\/?product=banner-070x10-mts-arte-produzida-pela-color-banner\">Banner 0,70X1,0 mts (ARTE PRODUZIDA PELA COLOR BANNER)<\/a>\t\t\t\t\t\t<\/td>\n\n\t\t\t\t\t\t<td class=\"product-price\" data-title=\"Pre\u00e7o\">\n\t\t\t\t\t\t\t<span class=\"woocommerce-Price-amount amount\"><bdi><span class=\"woocommerce-Price-currencySymbol\">&#82;&#36;<\/span>&nbsp;100,00<\/bdi><\/span>\t\t\t\t\t\t<\/td>\n\n\t\t\t\t\t\t<td class=\"product-quantity\" data-title=\"Quantidade\">\n\t\t\t\t\t\t<div class=\"quantity\">\n\t\t<label class=\"screen-reader-text\" for=\"quantity_69fcea3f839ec\">Banner 0,70X1,0 mts (ARTE PRODUZIDA PELA COLOR BANNER) quantidade<\/label>\n\t<input\n\t\ttype=\"number\"\n\t\t\t\tid=\"quantity_69fcea3f839ec\"\n\t\tclass=\"input-text qty text\"\n\t\tname=\"cart[3ef815416f775098fe977004015c6193][qty]\"\n\t\tvalue=\"1\"\n\t\taria-label=\"Quantidade de produto\"\n\t\t\t\tmin=\"0\"\n\t\t\t\t\t\t\tstep=\"1\"\n\t\t\tplaceholder=\"\"\n\t\t\tinputmode=\"numeric\"\n\t\t\tautocomplete=\"off\"\n\t\t\t\/>\n\t<\/div>\n\t\t\t\t\t\t<\/td>\n\n\t\t\t\t\t\t<td class=\"product-subtotal\" data-title=\"Subtotal\">\n\t\t\t\t\t\t\t<span class=\"woocommerce-Price-amount amount\"><bdi><span class=\"woocommerce-Price-currencySymbol\">&#82;&#36;<\/span>&nbsp;100,00<\/bdi><\/span>\t\t\t\t\t\t<\/td>\n\t\t\t\t\t<\/tr>\n\t\t\t\t\t\n\t\t\t\n\t\t\t<tr>\n\t\t\t\t<td colspan=\"6\" class=\"actions\">\n\n\t\t\t\t\t\n\t\t\t\t\t<button type=\"submit\" class=\"button\" name=\"update_cart\" value=\"Atualizar carrinho\">Atualizar carrinho<\/button>\n\n\t\t\t\t\t\n\t\t\t\t\t<input type=\"hidden\" id=\"woocommerce-cart-nonce\" name=\"woocommerce-cart-nonce\" value=\"8e55de177c\" \/><input type=\"hidden\" name=\"_wp_http_referer\" value=\"\/index.php?rest_route=%2Fwp%2Fv2%2Fpages%2F7\" \/>\t\t\t\t<\/td>\n\t\t\t<\/tr>\n\n\t\t\t\t\t<\/tbody>\n\t<\/table>\n\t<\/form>\n\n\n<div class=\"cart-collaterals\">\n\t<div class=\"cart_totals \">\n\n\t\n\t<h2>Total no carrinho<\/h2>\n\n\t<table cellspacing=\"0\" class=\"shop_table shop_table_responsive\">\n\n\t\t<tr class=\"cart-subtotal\">\n\t\t\t<th>Subtotal<\/th>\n\t\t\t<td data-title=\"Subtotal\"><span class=\"woocommerce-Price-amount amount\"><bdi><span class=\"woocommerce-Price-currencySymbol\">&#82;&#36;<\/span>&nbsp;3.600,00<\/bdi><\/span><\/td>\n\t\t<\/tr>\n\n\t\t\n\t\t\n\t\t\t\n\t\t\t<tr class=\"woocommerce-shipping-totals shipping\">\n\t<th>Shipment<\/th>\n\t<td data-title=\"Shipment\">\n\t\t\t\t\t<ul id=\"shipping_method\" class=\"woocommerce-shipping-methods\">\n\t\t\t\t\t\t\t\t\t<li>\n\t\t\t\t\t\t<input type=\"hidden\" name=\"shipping_method[0]\" data-index=\"0\" id=\"shipping_method_0_local_pickup1\" value=\"local_pickup:1\" class=\"shipping_method\" \/><label for=\"shipping_method_0_local_pickup1\">Retirada no local<\/label>\t\t\t\t\t<\/li>\n\t\t\t\t\t\t\t<\/ul>\n\t\t\t\t\t\t\t<p class=\"woocommerce-shipping-destination\">\n\t\t\t\t\tEntrega para <strong>S\u00e3o Paulo<\/strong>. \t\t\t\t<\/p>\n\t\t\t\t\t\t\n\t\t\n\t\t\t\t\t\n<form class=\"woocommerce-shipping-calculator\" action=\"https:\/\/colorbanner.com.br\/?page_id=7\" method=\"post\">\n\n\t<a href=\"#\" class=\"shipping-calculator-button\" aria-expanded=\"false\" aria-controls=\"shipping-calculator-form\" role=\"button\">Mudar endere\u00e7o<\/a>\n\t<section class=\"shipping-calculator-form\" id=\"shipping-calculator-form\" style=\"display:none;\">\n\n\t\t\t\t\t<p class=\"form-row form-row-wide\" id=\"calc_shipping_country_field\">\n\t\t\t\t<label for=\"calc_shipping_country\">Pa\u00eds \/ regi\u00e3o<\/label>\n\t\t\t\t<select name=\"calc_shipping_country\" id=\"calc_shipping_country\" class=\"country_to_state country_select\" rel=\"calc_shipping_state\">\n\t\t\t\t\t<option value=\"default\">Selecione um pa\u00eds&hellip;<\/option>\n\t\t\t\t\t<option value=\"AF\">Afeganist\u00e3o<\/option><option value=\"ZA\">\u00c1frica do Sul<\/option><option value=\"AL\">Alb\u00e2nia<\/option><option value=\"DE\">Alemanha<\/option><option value=\"AD\">Andorra<\/option><option value=\"AO\">Angola<\/option><option value=\"AI\">Anguilla<\/option><option value=\"AQ\">Ant\u00e1rtica<\/option><option value=\"AG\">Ant\u00edgua e Barbuda<\/option><option value=\"SA\">Ar\u00e1bia Saudita<\/option><option value=\"DZ\">Arg\u00e9lia<\/option><option value=\"AR\">Argentina<\/option><option value=\"AM\">Arm\u00eania<\/option><option value=\"AW\">Aruba<\/option><option value=\"AU\">Austr\u00e1lia<\/option><option value=\"AT\">\u00c1ustria<\/option><option value=\"AZ\">Azerbaij\u00e3o<\/option><option value=\"BS\">Bahamas<\/option><option value=\"BD\">Bangladesh<\/option><option value=\"BB\">Barbados<\/option><option value=\"BH\">Bar\u00e9m<\/option><option value=\"PW\">Belau<\/option><option value=\"BE\">B\u00e9lgica<\/option><option value=\"BZ\">Belize<\/option><option value=\"BJ\">Benim<\/option><option value=\"BM\">Bermudas<\/option><option value=\"BY\">Bielorr\u00fassia<\/option><option value=\"BO\">Bol\u00edvia<\/option><option value=\"BQ\">Bonaire, Santo Eust\u00e1quio e Saba<\/option><option value=\"BA\">B\u00f3snia e Herzegovina<\/option><option value=\"BW\">Botsuana<\/option><option value=\"BR\" selected='selected'>Brasil<\/option><option value=\"BN\">Brunei<\/option><option value=\"BG\">Bulg\u00e1ria<\/option><option value=\"BF\">Burquina Fasso<\/option><option value=\"BI\">Bur\u00fandi<\/option><option value=\"BT\">But\u00e3o<\/option><option value=\"CV\">Cabo Verde<\/option><option value=\"CM\">Camar\u00f5es<\/option><option value=\"KH\">Camboja<\/option><option value=\"CA\">Canad\u00e1<\/option><option value=\"QA\">Catar<\/option><option value=\"KZ\">Cazaquist\u00e3o<\/option><option value=\"TD\">Chade<\/option><option value=\"CL\">Chile<\/option><option value=\"CN\">China<\/option><option value=\"CY\">Chipre<\/option><option value=\"SG\">Cingapura<\/option><option value=\"CO\">Col\u00f4mbia<\/option><option value=\"KM\">Comores<\/option><option value=\"MP\">Comunidade das Ilhas Marianas Setentrionais<\/option><option value=\"CG\">Congo (Brazzaville)<\/option><option value=\"CD\">Congo (Kinshasa)<\/option><option value=\"KP\">Cor\u00e9ia do Norte<\/option><option value=\"KR\">Cor\u00e9ia do Sul<\/option><option value=\"CI\">Costa do Marfim<\/option><option value=\"CR\">Costa Rica<\/option><option value=\"HR\">Cro\u00e1cia<\/option><option value=\"CU\">Cuba<\/option><option value=\"CW\">Cura&ccedil;ao<\/option><option value=\"DK\">Dinamarca<\/option><option value=\"DJ\">Djibouti<\/option><option value=\"DM\">Dominica<\/option><option value=\"EG\">Egito<\/option><option value=\"SV\">El Salvador<\/option><option value=\"AE\">Emirados \u00c1rabes Unidos<\/option><option value=\"EC\">Equador<\/option><option value=\"ER\">Eritreia<\/option><option value=\"SK\">Eslov\u00e1quia<\/option><option value=\"SI\">Eslovenia<\/option><option value=\"ES\">Espanha<\/option><option value=\"US\">Estados Unidos<\/option><option value=\"EE\">Est\u00f4nia<\/option><option value=\"SZ\">Eswatini<\/option><option value=\"ET\">Eti\u00f3pia<\/option><option value=\"FJ\">Fiji<\/option><option value=\"PH\">Filipinas<\/option><option value=\"FI\">Finl\u00e2ndia<\/option><option value=\"FR\">Fran\u00e7a<\/option><option value=\"GA\">Gab\u00e3o<\/option><option value=\"GM\">G\u00e2mbia<\/option><option value=\"GH\">Gana<\/option><option value=\"GE\">Ge\u00f3rgia<\/option><option value=\"GI\">Gibraltar<\/option><option value=\"GD\">Granada<\/option><option value=\"GR\">Gr\u00e9cia<\/option><option value=\"GL\">Groenl\u00e2ndia<\/option><option value=\"GP\">Guadalupe<\/option><option value=\"GU\">Guam<\/option><option value=\"GT\">Guatemala<\/option><option value=\"GG\">Guernsey<\/option><option value=\"GY\">Guiana<\/option><option value=\"GF\">Guiana Francesa<\/option><option value=\"GN\">Guin\u00e9<\/option><option value=\"GQ\">Guin\u00e9 Equatorial<\/option><option value=\"GW\">Guin\u00e9-Bissau<\/option><option value=\"HT\">Haiti<\/option><option value=\"NL\">Holanda<\/option><option value=\"HN\">Honduras<\/option><option value=\"HK\">Hong Kong<\/option><option value=\"HU\">Hungria<\/option><option value=\"YE\">I\u00e9men<\/option><option value=\"BV\">Ilha Bouvet<\/option><option value=\"CX\">Ilha Christmas<\/option><option value=\"IM\">Ilha de Man<\/option><option value=\"MF\">Ilha de S\u00e3o Martinho (Rep\u00fablica Francesa)<\/option><option value=\"HM\">Ilha Heard e Ilhas McDonald<\/option><option value=\"NF\">Ilha Norfolk<\/option><option value=\"AX\">Ilhas Aland<\/option><option value=\"KY\">Ilhas Cayman<\/option><option value=\"CC\">Ilhas Cocos<\/option><option value=\"CK\">Ilhas Cook<\/option><option value=\"FO\">Ilhas Feroe<\/option><option value=\"GS\">Ilhas Ge\u00f3rgia do Sul e Sandwich do Sul<\/option><option value=\"FK\">Ilhas Malvinas<\/option><option value=\"MH\">Ilhas Marshall<\/option><option value=\"UM\">Ilhas Menores Distantes, Estados Unidos da Am\u00e9rica (EUA)<\/option><option value=\"PN\">Ilhas Pitcairn<\/option><option value=\"SB\">Ilhas Salom\u00e3o<\/option><option value=\"TC\">Ilhas Turcas e Caicos<\/option><option value=\"VI\">Ilhas Virgens (EUA)<\/option><option value=\"VG\">Ilhas Virgens Brit\u00e2nicas<\/option><option value=\"IN\">\u00cdndia<\/option><option value=\"ID\">Indon\u00e9sia<\/option><option value=\"IR\">Ir\u00e3<\/option><option value=\"IQ\">Iraque<\/option><option value=\"IE\">Irlanda<\/option><option value=\"IS\">Isl\u00e2ndia<\/option><option value=\"IL\">Israel<\/option><option value=\"IT\">It\u00e1lia<\/option><option value=\"JM\">Jamaica<\/option><option value=\"JP\">Jap\u00e3o<\/option><option value=\"JE\">Jersey<\/option><option value=\"JO\">Jord\u00e2nia<\/option><option value=\"XK\">Kosovo<\/option><option value=\"KW\">Kuweit<\/option><option value=\"LA\">Laos<\/option><option value=\"LV\">L\u00e1tvia<\/option><option value=\"LS\">Lesoto<\/option><option value=\"LB\">L\u00edbano<\/option><option value=\"LR\">Lib\u00e9ria<\/option><option value=\"LY\">L\u00edbia<\/option><option value=\"LI\">Liechtenstein<\/option><option value=\"LT\">Litu\u00e2nia<\/option><option value=\"LU\">Luxemburgo<\/option><option value=\"MO\">Macao<\/option><option value=\"MK\">Maced\u00f4nia do Norte<\/option><option value=\"MG\">Madagascar<\/option><option value=\"MY\">Mal\u00e1sia<\/option><option value=\"MW\">Malawi<\/option><option value=\"MV\">Maldivas<\/option><option value=\"ML\">Mali<\/option><option value=\"MT\">Malta<\/option><option value=\"MA\">Marrocos<\/option><option value=\"MQ\">Martinica<\/option><option value=\"MU\">Maur\u00edcio<\/option><option value=\"MR\">Maurit\u00e2nia<\/option><option value=\"YT\">Mayotte<\/option><option value=\"MX\">M\u00e9xico<\/option><option value=\"FM\">Micron\u00e9sia<\/option><option value=\"MZ\">Mo\u00e7ambique<\/option><option value=\"MD\">Mold\u00e1via<\/option><option value=\"MC\">M\u00f4naco<\/option><option value=\"MN\">Mong\u00f3lia<\/option><option value=\"ME\">Montenegro<\/option><option value=\"MS\">Montserrat<\/option><option value=\"NA\">Nam\u00edbia<\/option><option value=\"NR\">Nauru<\/option><option value=\"NP\">Nepal<\/option><option value=\"NI\">Nicar\u00e1gua<\/option><option value=\"NE\">N\u00edger<\/option><option value=\"NG\">Nig\u00e9ria<\/option><option value=\"NU\">Niue<\/option><option value=\"NO\">Noruega<\/option><option value=\"NC\">Nova Caled\u00f3nia<\/option><option value=\"NZ\">Nova Zel\u00e2ndia<\/option><option value=\"OM\">Om\u00e3<\/option><option value=\"PA\">Panam\u00e1<\/option><option value=\"PG\">Papua-Nova Guin\u00e9<\/option><option value=\"PK\">Paquist\u00e3o<\/option><option value=\"PY\">Paraguai<\/option><option value=\"PE\">Peru<\/option><option value=\"PF\">Polin\u00e9sia Francesa<\/option><option value=\"PL\">Pol\u00f4nia<\/option><option value=\"PR\">Porto Rico<\/option><option value=\"PT\">Portugal<\/option><option value=\"KE\">Qu\u00eania<\/option><option value=\"KG\">Quirguist\u00e3o<\/option><option value=\"KI\">Quirib\u00e1ti<\/option><option value=\"GB\">Reino Unido (UK)<\/option><option value=\"CZ\">Rep\u00fablica Checa<\/option><option value=\"CF\">Rep\u00fablica da \u00c1frica Central<\/option><option value=\"MM\">Rep\u00fablica da Uni\u00e3o de Myanmar<\/option><option value=\"DO\">Rep\u00fablica Dominicana<\/option><option value=\"RE\">Reuni\u00e3o<\/option><option value=\"RO\">Rom\u00eania<\/option><option value=\"RW\">Ruanda<\/option><option value=\"RU\">R\u00fassia<\/option><option value=\"ST\">S&atilde;o Tom&eacute; e Pr&iacute;ncipe<\/option><option value=\"EH\">Saara Ocidental<\/option><option value=\"SX\">Saint Martin (parte Holandesa)<\/option><option value=\"PM\">Saint-Pierre e Miquelon<\/option><option value=\"WS\">Samoa<\/option><option value=\"AS\">Samoa Americana<\/option><option value=\"SM\">San Marino<\/option><option value=\"SH\">Santa Helena<\/option><option value=\"LC\">Santa L\u00facia<\/option><option value=\"BL\">S\u00e3o Bartolomeu<\/option><option value=\"KN\">S\u00e3o Crist\u00f3v\u00e3o e Nevis<\/option><option value=\"VC\">S\u00e3o Vicente e Granadinas<\/option><option value=\"SN\">Senegal<\/option><option value=\"SL\">Serra Leoa<\/option><option value=\"RS\">S\u00e9rvia<\/option><option value=\"SC\">Seychelles<\/option><option value=\"SY\">S\u00edria<\/option><option value=\"SO\">Som\u00e1lia<\/option><option value=\"LK\">Sri Lanka<\/option><option value=\"SD\">Sud\u00e3o<\/option><option value=\"SS\">Sud\u00e3o do Sul<\/option><option value=\"SE\">Su\u00e9cia<\/option><option value=\"CH\">Sui\u00e7a<\/option><option value=\"SR\">Suriname<\/option><option value=\"SJ\">Svalbard e Jan Mayen<\/option><option value=\"TH\">Tail\u00e2ndia<\/option><option value=\"TW\">Taiwan<\/option><option value=\"TJ\">Tajiquist\u00e3o<\/option><option value=\"TZ\">Tanz\u00e2nia<\/option><option value=\"IO\">Territ\u00f3rio Brit\u00e2nico do Oceano \u00cdndico<\/option><option value=\"TF\">Territ\u00f3rio das Terras Austrais e Ant\u00e1rcticas Francesas<\/option><option value=\"PS\">Territ\u00f3rio Palestino<\/option><option value=\"TL\">Timor-Leste<\/option><option value=\"TG\">Togo<\/option><option value=\"TK\">Tokelau<\/option><option value=\"TO\">Tonga<\/option><option value=\"TT\">Trinidad e Tobago<\/option><option value=\"TN\">Tun\u00edsia<\/option><option value=\"TM\">Turcomenist\u00e3o<\/option><option value=\"TR\">T\u00fcrkiye<\/option><option value=\"TV\">Tuvalu<\/option><option value=\"UA\">Ucr\u00e2nia<\/option><option value=\"UG\">Uganda<\/option><option value=\"UY\">Uruguai<\/option><option value=\"UZ\">Uzbequist\u00e3o<\/option><option value=\"VU\">Vanuatu<\/option><option value=\"VA\">Vaticano<\/option><option value=\"VE\">Venezuela<\/option><option value=\"VN\">Vietn\u00e3<\/option><option value=\"WF\">Wallis e Futuna<\/option><option value=\"ZM\">Z\u00e2mbia<\/option><option value=\"ZW\">Zimb\u00e1bue<\/option>\t\t\t\t<\/select>\n\t\t\t<\/p>\n\t\t\n\t\t\t\t\t<p class=\"form-row form-row-wide\" id=\"calc_shipping_state_field\">\n\t\t\t\t\t\t\t\t\t<span>\n\t\t\t\t\t\t<label for=\"calc_shipping_state\">Estado<\/label>\n\t\t\t\t\t\t<select name=\"calc_shipping_state\" class=\"state_select\" id=\"calc_shipping_state\">\n\t\t\t\t\t\t\t<option value=\"\">Selecione uma op\u00e7\u00e3o&hellip;<\/option>\n\t\t\t\t\t\t\t<option value=\"AC\" >Acre<\/option><option value=\"AL\" >Alagoas<\/option><option value=\"AP\" >Amap\u00e1<\/option><option value=\"AM\" >Amazonas<\/option><option value=\"BA\" >Bahia<\/option><option value=\"CE\" >Cear\u00e1<\/option><option value=\"DF\" >Distrito Federal<\/option><option value=\"ES\" >Esp\u00edrito Santo<\/option><option value=\"GO\" >Goi\u00e1s<\/option><option value=\"MA\" >Maranh\u00e3o<\/option><option value=\"MT\" >Mato Grosso<\/option><option value=\"MS\" >Mato Grosso do Sul<\/option><option value=\"MG\" >Minas Gerais<\/option><option value=\"PA\" >Par\u00e1<\/option><option value=\"PB\" >Para\u00edba<\/option><option value=\"PR\" >Paran\u00e1<\/option><option value=\"PE\" >Pernambuco<\/option><option value=\"PI\" >Piau\u00ed<\/option><option value=\"RJ\" >Rio de Janeiro<\/option><option value=\"RN\" >Rio Grande do Norte<\/option><option value=\"RS\" >Rio Grande do Sul<\/option><option value=\"RO\" >Rond\u00f4nia<\/option><option value=\"RR\" >Roraima<\/option><option value=\"SC\" >Santa Catarina<\/option><option value=\"SP\"  selected='selected'>S\u00e3o Paulo<\/option><option value=\"SE\" >Sergipe<\/option><option value=\"TO\" >Tocantins<\/option>\t\t\t\t\t\t<\/select>\n\t\t\t\t\t<\/span>\n\t\t\t\t\t\t\t\t<\/p>\n\t\t\n\t\t\t\t\t<p class=\"form-row form-row-wide\" id=\"calc_shipping_city_field\">\n\t\t\t\t<label for=\"calc_shipping_city\">Cidade:<\/label>\n\t\t\t\t<input type=\"text\" class=\"input-text\" value=\"\" name=\"calc_shipping_city\" id=\"calc_shipping_city\" \/>\n\t\t\t<\/p>\n\t\t\n\t\t\t\t\t<p class=\"form-row form-row-wide\" id=\"calc_shipping_postcode_field\">\n\t\t\t\t<label for=\"calc_shipping_postcode\">C\u00f3digo postal \/ CEP:<\/label>\n\t\t\t\t<input type=\"text\" class=\"input-text\" value=\"\" name=\"calc_shipping_postcode\" id=\"calc_shipping_postcode\" \/>\n\t\t\t<\/p>\n\t\t\n\t\t<p><button type=\"submit\" name=\"calc_shipping\" value=\"1\" class=\"button\">Atualizar<\/button><\/p>\n\t\t<input type=\"hidden\" id=\"woocommerce-shipping-calculator-nonce\" name=\"woocommerce-shipping-calculator-nonce\" value=\"c395d2100c\" \/><input type=\"hidden\" name=\"_wp_http_referer\" value=\"\/index.php?rest_route=%2Fwp%2Fv2%2Fpages%2F7\" \/>\t<\/section>\n<\/form>\n\n\t\t\t<\/td>\n<\/tr>\n\n\t\t\t\n\t\t\n\t\t\n\t\t\n\t\t\n\t\t<tr class=\"order-total\">\n\t\t\t<th>Total<\/th>\n\t\t\t<td data-title=\"Total\"><strong><span class=\"woocommerce-Price-amount amount\"><bdi><span class=\"woocommerce-Price-currencySymbol\">&#82;&#36;<\/span>&nbsp;3.600,00<\/bdi><\/span><\/strong> <\/td>\n\t\t<\/tr>\n\n\t\t\n\t<\/table>\n\n\t<div class=\"wc-proceed-to-checkout\">\n\t\t\n<a href=\"https:\/\/colorbanner.com.br\/?page_id=8\" class=\"checkout-button button alt wc-forward\">\n\tContinuar para Finaliza\u00e7\u00e3o<\/a>\n\t<\/div>\n\n\t\n<\/div>\n<\/div>\n\n<\/div>\n","protected":false},"excerpt":{"rendered":"","protected":false},"author":3,"featured_media":0,"parent":0,"menu_order":0,"comment_status":"closed","ping_status":"closed","template":"","meta":{"footnotes":""},"class_list":["post-7","page","type-page","status-publish","hentry"],"_links":{"self":[{"href":"https:\/\/colorbanner.com.br\/index.php?rest_route=\/wp\/v2\/pages\/7","targetHints":{"allow":["GET"]}}],"collection":[{"href":"https:\/\/colorbanner.com.br\/index.php?rest_route=\/wp\/v2\/pages"}],"about":[{"href":"https:\/\/colorbanner.com.br\/index.php?rest_route=\/wp\/v2\/types\/page"}],"author":[{"embeddable":true,"href":"https:\/\/colorbanner.com.br\/index.php?rest_route=\/wp\/v2\/users\/3"}],"replies":[{"embeddable":true,"href":"https:\/\/colorbanner.com.br\/index.php?rest_route=%2Fwp%2Fv2%2Fcomments&post=7"}],"version-history":[{"count":1,"href":"https:\/\/colorbanner.com.br\/index.php?rest_route=\/wp\/v2\/pages\/7\/revisions"}],"predecessor-version":[{"id":178,"href":"https:\/\/colorbanner.com.br\/index.php?rest_route=\/wp\/v2\/pages\/7\/revisions\/178"}],"wp:attachment":[{"href":"https:\/\/colorbanner.com.br\/index.php?rest_route=%2Fwp%2Fv2%2Fmedia&parent=7"}],"curies":[{"name":"wp","href":"https:\/\/api.w.org\/{rel}","templated":true}]}}