{"id":105,"date":"2023-11-17T11:27:28","date_gmt":"2023-11-17T14:27:28","guid":{"rendered":"https:\/\/colorbanner.com.br\/?post_type=product&#038;p=105"},"modified":"2024-04-05T17:42:37","modified_gmt":"2024-04-05T20:42:37","slug":"caneca-melhor-amizade-e-um-amor","status":"publish","type":"product","link":"https:\/\/colorbanner.com.br\/?product=caneca-melhor-amizade-e-um-amor","title":{"rendered":"CANECA MELHOR AMIZADE \u00c9 UM AMOR"},"content":{"rendered":"<table class=\"a-normal a-spacing-micro\" style=\"width: 462px; height: 252px;\">\n<tbody>\n<tr class=\"a-spacing-small po-brand\">\n<td class=\"a-span3\" style=\"width: 204.016px;\"><span class=\"a-size-base a-text-bold\">Marca<\/span><\/td>\n<td class=\"a-span9\" style=\"width: 241.984px;\"><span class=\"a-size-base po-break-word\">Caneca<\/span><\/td>\n<\/tr>\n<tr class=\"a-spacing-small po-material\">\n<td class=\"a-span3\" style=\"width: 204.016px;\"><span class=\"a-size-base a-text-bold\">Material<\/span><\/td>\n<td class=\"a-span9\" style=\"width: 241.984px;\"><span class=\"a-size-base po-break-word\">Porcelana<\/span><\/td>\n<\/tr>\n<tr class=\"a-spacing-small po-capacity\">\n<td class=\"a-span3\" style=\"width: 204.016px;\"><span class=\"a-size-base a-text-bold\">Capacidade<\/span><\/td>\n<td class=\"a-span9\" style=\"width: 241.984px;\"><span class=\"a-size-base po-break-word\">300 Milliliters<\/span><\/td>\n<\/tr>\n<tr class=\"a-spacing-small po-special_feature\">\n<td class=\"a-span3\" style=\"width: 204.016px;\"><span class=\"a-size-base a-text-bold\">Caracter\u00edsticas especiais<\/span><\/td>\n<td class=\"a-span9\" style=\"width: 241.984px;\"><span class=\"a-size-base po-break-word\">Ta\u00e7as para bebidas alco\u00f3licas<\/span><\/td>\n<\/tr>\n<tr class=\"a-spacing-small po-occasion_type\">\n<td class=\"a-span3\" style=\"width: 204.016px;\"><span class=\"a-size-base a-text-bold\">Ocasi\u00e3o<\/span><\/td>\n<td class=\"a-span9\" style=\"width: 241.984px;\">Dia dos Namorados<\/td>\n<\/tr>\n<\/tbody>\n<\/table>\n","protected":false},"excerpt":{"rendered":"<p><em>Caneca personalizada de porcelana de alto brilho, interior e al\u00e7a branca, com estampa para namorado(a)<\/em><\/p>\n<p><em>A estampa na parte externa com a tem\u00e1tica da cole\u00e7\u00e3o Fam\u00edlia, tem tudo para arrancar sorrisos do presenteado.<\/em><\/p>\n<p><em>Produzidas com porcelana de alta resist\u00eancia, s\u00e3o \u00f3timas para os momentos de relaxamento ou durante o trabalho para deliciar sua bebida favorita!<\/em><\/p>\n","protected":false},"featured_media":887,"comment_status":"closed","ping_status":"closed","template":"","meta":[],"product_brand":[],"product_cat":[38],"product_tag":[55],"class_list":{"0":"post-105","1":"product","2":"type-product","3":"status-publish","4":"has-post-thumbnail","6":"product_cat-caneca","7":"product_tag-brindes","9":"first","10":"instock","11":"taxable","12":"shipping-taxable","13":"purchasable","14":"product-type-simple"},"_links":{"self":[{"href":"https:\/\/colorbanner.com.br\/index.php?rest_route=\/wp\/v2\/product\/105","targetHints":{"allow":["GET"]}}],"collection":[{"href":"https:\/\/colorbanner.com.br\/index.php?rest_route=\/wp\/v2\/product"}],"about":[{"href":"https:\/\/colorbanner.com.br\/index.php?rest_route=\/wp\/v2\/types\/product"}],"replies":[{"embeddable":true,"href":"https:\/\/colorbanner.com.br\/index.php?rest_route=%2Fwp%2Fv2%2Fcomments&post=105"}],"wp:featuredmedia":[{"embeddable":true,"href":"https:\/\/colorbanner.com.br\/index.php?rest_route=\/wp\/v2\/media\/887"}],"wp:attachment":[{"href":"https:\/\/colorbanner.com.br\/index.php?rest_route=%2Fwp%2Fv2%2Fmedia&parent=105"}],"wp:term":[{"taxonomy":"product_brand","embeddable":true,"href":"https:\/\/colorbanner.com.br\/index.php?rest_route=%2Fwp%2Fv2%2Fproduct_brand&post=105"},{"taxonomy":"product_cat","embeddable":true,"href":"https:\/\/colorbanner.com.br\/index.php?rest_route=%2Fwp%2Fv2%2Fproduct_cat&post=105"},{"taxonomy":"product_tag","embeddable":true,"href":"https:\/\/colorbanner.com.br\/index.php?rest_route=%2Fwp%2Fv2%2Fproduct_tag&post=105"}],"curies":[{"name":"wp","href":"https:\/\/api.w.org\/{rel}","templated":true}]}}