{"id":122,"date":"2023-11-17T11:27:51","date_gmt":"2023-11-17T14:27:51","guid":{"rendered":"https:\/\/colorbanner.com.br\/?post_type=product&#038;p=122"},"modified":"2024-04-05T16:06:57","modified_gmt":"2024-04-05T19:06:57","slug":"wind-banner-pena","status":"publish","type":"product","link":"https:\/\/colorbanner.com.br\/?product=wind-banner-pena","title":{"rendered":"WIND BANNER PENA &#8211; COMPLETO"},"content":{"rendered":"<h1>Benef\u00edcios que o Wind Banner traz pro seu com\u00e9rcio!<\/h1>\n<p><strong>Port\u00e1til e de simples montagem; <\/strong>N\u00e3o d\u00e1 mais pra perder tempo com montagens, n\u00e3o \u00e9 mesmo? Os dias de hoje exigem que seja r\u00e1pido, pr\u00e1tico e simples para o melhor aproveitamento do tempo. Com o Wind Banner apenas algumas encaixadas e ele j\u00e1 esta prontinho para Divulga\u00e7\u00e3o do seu comercio.<\/p>\n<p><strong>Movimenta-se com o vento:\u00a0 <\/strong>Pode parecer um benef\u00edcio sem muita import\u00e2ncia, mas comparando com um banner est\u00e1tico, movimentar-se com o vento \u00e9 um diferencial e tanto.<\/p>\n<p><strong>Ecologicamente correto: <\/strong>Se a sua empresa ainda n\u00e3o adotou pr\u00e1ticas que se preocupam com o meio ambiente, voc\u00ea pode estar deixando de lado algo muito importante. Este pode ser um detalhe que influencia na hora da tomada de decis\u00e3o de um poss\u00edvel cliente. Os Wind banners s\u00e3o\u00a0reutiliz\u00e1veis, as penas, as gotas ou as velas personalizadas podem ser substitu\u00eddas de acordo com a promo\u00e7\u00e3o.<\/p>\n<p><strong>\u00a0Alta resist\u00eancia e durabilidade: <\/strong>O que \u00e9 melhor para a sua empresa: um material que n\u00e3o precisa ser trocado em curto espa\u00e7o de tempo ou um que dura muito? A alta resist\u00eancia e durabilidade dos Wind Banners, faz com que eles acompanhem o seu neg\u00f3cio durante bastante tempo\u00a0gerando uma economia de tempo e dinheiro significativos.<\/p>\n","protected":false},"excerpt":{"rendered":"<p>O\u00a0<strong>Wind Banner<\/strong> \u00e9 uma \u00f3tima op\u00e7\u00e3o para quem deseja inovar na forma de se comunicar, com informa\u00e7\u00f5es mais claras e de r\u00e1pido impacto ao cliente. Utilizado em campanhas promocionais externas, inclusive na Rua, Parques, Praia, Bosques e Eventos. Destaque seu comercio entre os demais!<\/p>\n<p>&nbsp;<\/p>\n<p><strong>Tamanho:<\/strong> 3.0 de altura por 70cm aproximadamente de Largura<\/p>\n<p><strong>Prazo de Produ\u00e7\u00e3o:<\/strong> 10 Dias \u00fateis<\/p>\n<p><strong>Modelo: <\/strong>(PENA)<\/p>\n","protected":false},"featured_media":868,"comment_status":"closed","ping_status":"closed","template":"","meta":[],"product_brand":[],"product_cat":[43],"product_tag":[54],"class_list":{"0":"post-122","1":"product","2":"type-product","3":"status-publish","4":"has-post-thumbnail","6":"product_cat-wind-banner","7":"product_tag-impressao-digital","9":"first","10":"instock","11":"taxable","12":"shipping-taxable","13":"purchasable","14":"product-type-simple"},"_links":{"self":[{"href":"https:\/\/colorbanner.com.br\/index.php?rest_route=\/wp\/v2\/product\/122","targetHints":{"allow":["GET"]}}],"collection":[{"href":"https:\/\/colorbanner.com.br\/index.php?rest_route=\/wp\/v2\/product"}],"about":[{"href":"https:\/\/colorbanner.com.br\/index.php?rest_route=\/wp\/v2\/types\/product"}],"replies":[{"embeddable":true,"href":"https:\/\/colorbanner.com.br\/index.php?rest_route=%2Fwp%2Fv2%2Fcomments&post=122"}],"wp:featuredmedia":[{"embeddable":true,"href":"https:\/\/colorbanner.com.br\/index.php?rest_route=\/wp\/v2\/media\/868"}],"wp:attachment":[{"href":"https:\/\/colorbanner.com.br\/index.php?rest_route=%2Fwp%2Fv2%2Fmedia&parent=122"}],"wp:term":[{"taxonomy":"product_brand","embeddable":true,"href":"https:\/\/colorbanner.com.br\/index.php?rest_route=%2Fwp%2Fv2%2Fproduct_brand&post=122"},{"taxonomy":"product_cat","embeddable":true,"href":"https:\/\/colorbanner.com.br\/index.php?rest_route=%2Fwp%2Fv2%2Fproduct_cat&post=122"},{"taxonomy":"product_tag","embeddable":true,"href":"https:\/\/colorbanner.com.br\/index.php?rest_route=%2Fwp%2Fv2%2Fproduct_tag&post=122"}],"curies":[{"name":"wp","href":"https:\/\/api.w.org\/{rel}","templated":true}]}}