{"id":126,"date":"2023-11-17T11:27:51","date_gmt":"2023-11-17T14:27:51","guid":{"rendered":"https:\/\/colorbanner.com.br\/?post_type=product&#038;p=126"},"modified":"2024-04-05T15:37:47","modified_gmt":"2024-04-05T18:37:47","slug":"banner-10x15-mts-arte-pronta","status":"publish","type":"product","link":"https:\/\/colorbanner.com.br\/?product=banner-10x15-mts-arte-pronta","title":{"rendered":"Banner 1,0X1,5 mts (ARTE PRONTA)"},"content":{"rendered":"<p>Os banners 380 da Color Banner s\u00e3o produzidos com lamina\u00e7\u00e3o Brilho e possuem um acabamento em madeira, ponta pl\u00e1stica e cord\u00e3o de nylon. Visando atender um mercado muito exigente, eles s\u00e3o perfeitos para gerar um impacto visual de uma marca, produto e\/ou servi\u00e7o.<\/p>\n<ul>\n<li><strong>Lona:<\/strong> Brilho 380 grs<\/li>\n<li><strong>Acabamento:<\/strong>\u00a0Bast\u00e3o, Ponteira e Nylon<\/li>\n<li><strong>Produ\u00e7\u00e3o:<\/strong> 5 dias \u00fateis (Ap\u00f3s recebermos a arte pronta)<\/li>\n<li>\u00a0<strong>Peso:<\/strong> 0.7 kg<\/li>\n<li><b>Arte pronta enviada pelo cliente<\/b><\/li>\n<\/ul>\n","protected":false},"excerpt":{"rendered":"<p>Os banners 380 da Color Banner s\u00e3o produzidos com lamina\u00e7\u00e3o Brilho e possuem um acabamento em madeira, ponta pl\u00e1stica e cord\u00e3o de nylon. Visando atender um mercado muito exigente, eles s\u00e3o perfeitos para gerar um impacto visual de uma marca, produto e\/ou servi\u00e7o. Lona: Brilho 380 grs Acabamento:\u00a0Bast\u00e3o, Ponteira e Nylon Produ\u00e7\u00e3o: 5 dias \u00fateis [&hellip;]<\/p>\n","protected":false},"featured_media":864,"comment_status":"closed","ping_status":"closed","template":"","meta":[],"product_brand":[],"product_cat":[36],"product_tag":[54],"class_list":{"0":"post-126","1":"product","2":"type-product","3":"status-publish","4":"has-post-thumbnail","6":"product_cat-banner","7":"product_tag-impressao-digital","9":"first","10":"instock","11":"taxable","12":"shipping-taxable","13":"purchasable","14":"product-type-simple"},"_links":{"self":[{"href":"https:\/\/colorbanner.com.br\/index.php?rest_route=\/wp\/v2\/product\/126","targetHints":{"allow":["GET"]}}],"collection":[{"href":"https:\/\/colorbanner.com.br\/index.php?rest_route=\/wp\/v2\/product"}],"about":[{"href":"https:\/\/colorbanner.com.br\/index.php?rest_route=\/wp\/v2\/types\/product"}],"replies":[{"embeddable":true,"href":"https:\/\/colorbanner.com.br\/index.php?rest_route=%2Fwp%2Fv2%2Fcomments&post=126"}],"wp:featuredmedia":[{"embeddable":true,"href":"https:\/\/colorbanner.com.br\/index.php?rest_route=\/wp\/v2\/media\/864"}],"wp:attachment":[{"href":"https:\/\/colorbanner.com.br\/index.php?rest_route=%2Fwp%2Fv2%2Fmedia&parent=126"}],"wp:term":[{"taxonomy":"product_brand","embeddable":true,"href":"https:\/\/colorbanner.com.br\/index.php?rest_route=%2Fwp%2Fv2%2Fproduct_brand&post=126"},{"taxonomy":"product_cat","embeddable":true,"href":"https:\/\/colorbanner.com.br\/index.php?rest_route=%2Fwp%2Fv2%2Fproduct_cat&post=126"},{"taxonomy":"product_tag","embeddable":true,"href":"https:\/\/colorbanner.com.br\/index.php?rest_route=%2Fwp%2Fv2%2Fproduct_tag&post=126"}],"curies":[{"name":"wp","href":"https:\/\/api.w.org\/{rel}","templated":true}]}}