{"id":128,"date":"2023-11-17T11:27:51","date_gmt":"2023-11-17T14:27:51","guid":{"rendered":"https:\/\/colorbanner.com.br\/?post_type=product&#038;p=128"},"modified":"2024-04-05T15:21:33","modified_gmt":"2024-04-05T18:21:33","slug":"plastificacao","status":"publish","type":"product","link":"https:\/\/colorbanner.com.br\/?product=plastificacao","title":{"rendered":"Plastifica\u00e7\u00e3o"},"content":{"rendered":"<p>Perfeito para servi\u00e7os de plastifica\u00e7\u00e3o de documentos.<\/p>\n<p>Produzido com material de primeira linha, possui acabamento brilhante em folha dupla com solda em uma das pontas e cantos arredondados, facilitando o trabalho e permitindo assim um acabamento perfeito em suas plastifica\u00e7\u00f5es.<\/p>\n<p>Totalmente transparente e brilhante, com revestimento adesivo de alta qualidade, garante alta transpar\u00eancia e excelente clareza para o que voc\u00ea for laminar.<\/p>\n<p>Garante \u00f3tima prote\u00e7\u00e3o contra res\u00edduos do ambiente, como poeira, \u00e1gua, amassados, al\u00e9m de aumentar a vida \u00fatil do papel, protegendo contra o desgaste do tempo.<\/p>\n","protected":false},"excerpt":{"rendered":"<p>Perfeito para servi\u00e7os de plastifica\u00e7\u00e3o de documentos. Produzido com material de primeira linha, possui acabamento brilhante em folha dupla com solda em uma das pontas e cantos arredondados, facilitando o trabalho e permitindo assim um acabamento perfeito em suas plastifica\u00e7\u00f5es. Totalmente transparente e brilhante, com revestimento adesivo de alta qualidade, garante alta transpar\u00eancia e excelente [&hellip;]<\/p>\n","protected":false},"featured_media":862,"comment_status":"closed","ping_status":"closed","template":"","meta":[],"product_brand":[],"product_cat":[61],"product_tag":[],"class_list":{"0":"post-128","1":"product","2":"type-product","3":"status-publish","4":"has-post-thumbnail","6":"product_cat-copiadora","8":"first","9":"instock","10":"taxable","11":"shipping-taxable","12":"purchasable","13":"product-type-variable"},"_links":{"self":[{"href":"https:\/\/colorbanner.com.br\/index.php?rest_route=\/wp\/v2\/product\/128","targetHints":{"allow":["GET"]}}],"collection":[{"href":"https:\/\/colorbanner.com.br\/index.php?rest_route=\/wp\/v2\/product"}],"about":[{"href":"https:\/\/colorbanner.com.br\/index.php?rest_route=\/wp\/v2\/types\/product"}],"replies":[{"embeddable":true,"href":"https:\/\/colorbanner.com.br\/index.php?rest_route=%2Fwp%2Fv2%2Fcomments&post=128"}],"wp:featuredmedia":[{"embeddable":true,"href":"https:\/\/colorbanner.com.br\/index.php?rest_route=\/wp\/v2\/media\/862"}],"wp:attachment":[{"href":"https:\/\/colorbanner.com.br\/index.php?rest_route=%2Fwp%2Fv2%2Fmedia&parent=128"}],"wp:term":[{"taxonomy":"product_brand","embeddable":true,"href":"https:\/\/colorbanner.com.br\/index.php?rest_route=%2Fwp%2Fv2%2Fproduct_brand&post=128"},{"taxonomy":"product_cat","embeddable":true,"href":"https:\/\/colorbanner.com.br\/index.php?rest_route=%2Fwp%2Fv2%2Fproduct_cat&post=128"},{"taxonomy":"product_tag","embeddable":true,"href":"https:\/\/colorbanner.com.br\/index.php?rest_route=%2Fwp%2Fv2%2Fproduct_tag&post=128"}],"curies":[{"name":"wp","href":"https:\/\/api.w.org\/{rel}","templated":true}]}}