{"id":129,"date":"2023-11-17T11:27:51","date_gmt":"2023-11-17T14:27:51","guid":{"rendered":"https:\/\/colorbanner.com.br\/?post_type=product&#038;p=129"},"modified":"2024-04-05T16:50:08","modified_gmt":"2024-04-05T19:50:08","slug":"squeeze-acrilico","status":"publish","type":"product","link":"https:\/\/colorbanner.com.br\/?product=squeeze-acrilico","title":{"rendered":"Squeeze Acr\u00edlico"},"content":{"rendered":"<p>Os Squeezes Acr\u00edlicos v\u00e3o al\u00e9m de te manter hidratado, com exclusivo design Tie Dye, elas s\u00e3o imponentes e al\u00e9m de te manter mais saud\u00e1vel ela tamb\u00e9m faz bem para o planeta evitando que tantos copos descart\u00e1veis sejam utilizados em ambientes profissionais ou acad\u00eamicos. Al\u00e9m de linda ela \u00e9 pr\u00e1tica, permitindo a abertura e fechamento com apenas uma m\u00e3o, facilitando na hora dos exerc\u00edcios<\/p>\n","protected":false},"excerpt":{"rendered":"<p>Os Squeezes Acr\u00edlicos v\u00e3o al\u00e9m de te manter hidratado, com exclusivo design Tie Dye, elas s\u00e3o imponentes e al\u00e9m de te manter mais saud\u00e1vel ela tamb\u00e9m faz bem para o planeta evitando que tantos copos descart\u00e1veis sejam utilizados em ambientes profissionais ou acad\u00eamicos. Al\u00e9m de linda ela \u00e9 pr\u00e1tica, permitindo a abertura e fechamento com [&hellip;]<\/p>\n","protected":false},"featured_media":877,"comment_status":"closed","ping_status":"closed","template":"","meta":[],"product_brand":[],"product_cat":[45],"product_tag":[55],"class_list":{"0":"post-129","1":"product","2":"type-product","3":"status-publish","4":"has-post-thumbnail","6":"product_cat-squeeze","7":"product_tag-brindes","9":"first","10":"instock","11":"taxable","12":"shipping-taxable","13":"purchasable","14":"product-type-simple"},"_links":{"self":[{"href":"https:\/\/colorbanner.com.br\/index.php?rest_route=\/wp\/v2\/product\/129","targetHints":{"allow":["GET"]}}],"collection":[{"href":"https:\/\/colorbanner.com.br\/index.php?rest_route=\/wp\/v2\/product"}],"about":[{"href":"https:\/\/colorbanner.com.br\/index.php?rest_route=\/wp\/v2\/types\/product"}],"replies":[{"embeddable":true,"href":"https:\/\/colorbanner.com.br\/index.php?rest_route=%2Fwp%2Fv2%2Fcomments&post=129"}],"wp:featuredmedia":[{"embeddable":true,"href":"https:\/\/colorbanner.com.br\/index.php?rest_route=\/wp\/v2\/media\/877"}],"wp:attachment":[{"href":"https:\/\/colorbanner.com.br\/index.php?rest_route=%2Fwp%2Fv2%2Fmedia&parent=129"}],"wp:term":[{"taxonomy":"product_brand","embeddable":true,"href":"https:\/\/colorbanner.com.br\/index.php?rest_route=%2Fwp%2Fv2%2Fproduct_brand&post=129"},{"taxonomy":"product_cat","embeddable":true,"href":"https:\/\/colorbanner.com.br\/index.php?rest_route=%2Fwp%2Fv2%2Fproduct_cat&post=129"},{"taxonomy":"product_tag","embeddable":true,"href":"https:\/\/colorbanner.com.br\/index.php?rest_route=%2Fwp%2Fv2%2Fproduct_tag&post=129"}],"curies":[{"name":"wp","href":"https:\/\/api.w.org\/{rel}","templated":true}]}}