{"id":131,"date":"2023-11-17T11:27:51","date_gmt":"2023-11-17T14:27:51","guid":{"rendered":"https:\/\/colorbanner.com.br\/?post_type=product&#038;p=131"},"modified":"2024-04-05T14:46:22","modified_gmt":"2024-04-05T17:46:22","slug":"squeeze-de-aluminio","status":"publish","type":"product","link":"https:\/\/colorbanner.com.br\/?product=squeeze-de-aluminio","title":{"rendered":"Squeeze de Alum\u00ednio"},"content":{"rendered":"<p>Com capacidade de 750 ml, este produto \u00e9 perfeito para quem quer uma bebida fresca ao longo do dia.<\/p>\n<p>Al\u00e9m disso, o mosquet\u00e3o permite que voc\u00ea leve-o consigo para onde quiser<\/p>\n","protected":false},"excerpt":{"rendered":"<p>Com capacidade de 750 ml, este produto \u00e9 perfeito para quem quer uma bebida fresca ao longo do dia. Al\u00e9m disso, o mosquet\u00e3o permite que voc\u00ea leve-o consigo para onde quiser<\/p>\n","protected":false},"featured_media":860,"comment_status":"closed","ping_status":"closed","template":"","meta":[],"product_brand":[],"product_cat":[45],"product_tag":[55],"class_list":{"0":"post-131","1":"product","2":"type-product","3":"status-publish","4":"has-post-thumbnail","6":"product_cat-squeeze","7":"product_tag-brindes","9":"first","10":"instock","11":"taxable","12":"shipping-taxable","13":"purchasable","14":"product-type-simple"},"_links":{"self":[{"href":"https:\/\/colorbanner.com.br\/index.php?rest_route=\/wp\/v2\/product\/131","targetHints":{"allow":["GET"]}}],"collection":[{"href":"https:\/\/colorbanner.com.br\/index.php?rest_route=\/wp\/v2\/product"}],"about":[{"href":"https:\/\/colorbanner.com.br\/index.php?rest_route=\/wp\/v2\/types\/product"}],"replies":[{"embeddable":true,"href":"https:\/\/colorbanner.com.br\/index.php?rest_route=%2Fwp%2Fv2%2Fcomments&post=131"}],"wp:featuredmedia":[{"embeddable":true,"href":"https:\/\/colorbanner.com.br\/index.php?rest_route=\/wp\/v2\/media\/860"}],"wp:attachment":[{"href":"https:\/\/colorbanner.com.br\/index.php?rest_route=%2Fwp%2Fv2%2Fmedia&parent=131"}],"wp:term":[{"taxonomy":"product_brand","embeddable":true,"href":"https:\/\/colorbanner.com.br\/index.php?rest_route=%2Fwp%2Fv2%2Fproduct_brand&post=131"},{"taxonomy":"product_cat","embeddable":true,"href":"https:\/\/colorbanner.com.br\/index.php?rest_route=%2Fwp%2Fv2%2Fproduct_cat&post=131"},{"taxonomy":"product_tag","embeddable":true,"href":"https:\/\/colorbanner.com.br\/index.php?rest_route=%2Fwp%2Fv2%2Fproduct_tag&post=131"}],"curies":[{"name":"wp","href":"https:\/\/api.w.org\/{rel}","templated":true}]}}