{"id":135,"date":"2023-11-17T11:27:51","date_gmt":"2023-11-17T14:27:51","guid":{"rendered":"https:\/\/colorbanner.com.br\/?post_type=product&#038;p=135"},"modified":"2024-04-05T16:37:04","modified_gmt":"2024-04-05T19:37:04","slug":"caneca-de-chopp-vidro-jateado","status":"publish","type":"product","link":"https:\/\/colorbanner.com.br\/?product=caneca-de-chopp-vidro-jateado","title":{"rendered":"Caneca de Chopp Vidro Jateado"},"content":{"rendered":"<p>Chega de tomar seu chopp em um copo qualquer.<br \/>\nAgora voc\u00ea pode ter uma caneca exclusiva, da forma que preferir.<\/p>\n<p>A impress\u00e3o \u00e9 feita diretamente no vidro, n\u00e3o sai, n\u00e3o risca e n\u00e3o desbota.<br \/>\nPresente perfeito para quem gosta de inovar. \u00d3timo para anivers\u00e1rio, casamento, maternidade, padrinhos e o que mais voc\u00ea desejar, presente para todas as ocasi\u00f5es.<\/p>\n","protected":false},"excerpt":{"rendered":"<p>Chega de tomar seu chopp em um copo qualquer. Agora voc\u00ea pode ter uma caneca exclusiva, da forma que preferir. A impress\u00e3o \u00e9 feita diretamente no vidro, n\u00e3o sai, n\u00e3o risca e n\u00e3o desbota. Presente perfeito para quem gosta de inovar. \u00d3timo para anivers\u00e1rio, casamento, maternidade, padrinhos e o que mais voc\u00ea desejar, presente para [&hellip;]<\/p>\n","protected":false},"featured_media":873,"comment_status":"closed","ping_status":"closed","template":"","meta":[],"product_brand":[],"product_cat":[38],"product_tag":[55],"class_list":{"0":"post-135","1":"product","2":"type-product","3":"status-publish","4":"has-post-thumbnail","6":"product_cat-caneca","7":"product_tag-brindes","9":"first","10":"instock","11":"taxable","12":"shipping-taxable","13":"purchasable","14":"product-type-simple"},"_links":{"self":[{"href":"https:\/\/colorbanner.com.br\/index.php?rest_route=\/wp\/v2\/product\/135","targetHints":{"allow":["GET"]}}],"collection":[{"href":"https:\/\/colorbanner.com.br\/index.php?rest_route=\/wp\/v2\/product"}],"about":[{"href":"https:\/\/colorbanner.com.br\/index.php?rest_route=\/wp\/v2\/types\/product"}],"replies":[{"embeddable":true,"href":"https:\/\/colorbanner.com.br\/index.php?rest_route=%2Fwp%2Fv2%2Fcomments&post=135"}],"wp:featuredmedia":[{"embeddable":true,"href":"https:\/\/colorbanner.com.br\/index.php?rest_route=\/wp\/v2\/media\/873"}],"wp:attachment":[{"href":"https:\/\/colorbanner.com.br\/index.php?rest_route=%2Fwp%2Fv2%2Fmedia&parent=135"}],"wp:term":[{"taxonomy":"product_brand","embeddable":true,"href":"https:\/\/colorbanner.com.br\/index.php?rest_route=%2Fwp%2Fv2%2Fproduct_brand&post=135"},{"taxonomy":"product_cat","embeddable":true,"href":"https:\/\/colorbanner.com.br\/index.php?rest_route=%2Fwp%2Fv2%2Fproduct_cat&post=135"},{"taxonomy":"product_tag","embeddable":true,"href":"https:\/\/colorbanner.com.br\/index.php?rest_route=%2Fwp%2Fv2%2Fproduct_tag&post=135"}],"curies":[{"name":"wp","href":"https:\/\/api.w.org\/{rel}","templated":true}]}}