{"id":136,"date":"2023-11-17T11:27:51","date_gmt":"2023-11-17T14:27:51","guid":{"rendered":"https:\/\/colorbanner.com.br\/?post_type=product&#038;p=136"},"modified":"2024-04-05T16:28:20","modified_gmt":"2024-04-05T19:28:20","slug":"camiseta-branca-de-poliester","status":"publish","type":"product","link":"https:\/\/colorbanner.com.br\/?product=camiseta-branca-de-poliester","title":{"rendered":"Camiseta Branca de Poli\u00e9ster"},"content":{"rendered":"<p>Tamanhos do P ao GG<\/p>\n<p>Camisetas 100% Poli\u00e9ster.<br \/>\nSem relevo (Impress\u00e3o realizada direta no tecido).<br \/>\nEstampa de alta qualidade.<br \/>\nN\u00e3o desbota<br \/>\nAlta durabilidade.<\/p>\n","protected":false},"excerpt":{"rendered":"<p>Tamanhos do P ao GG Camisetas 100% Poli\u00e9ster. Sem relevo (Impress\u00e3o realizada direta no tecido). Estampa de alta qualidade. N\u00e3o desbota Alta durabilidade.<\/p>\n","protected":false},"featured_media":871,"comment_status":"closed","ping_status":"closed","template":"","meta":[],"product_brand":[],"product_cat":[47],"product_tag":[],"class_list":{"0":"post-136","1":"product","2":"type-product","3":"status-publish","4":"has-post-thumbnail","6":"product_cat-camiseta","8":"first","9":"instock","10":"taxable","11":"shipping-taxable","12":"purchasable","13":"product-type-simple"},"_links":{"self":[{"href":"https:\/\/colorbanner.com.br\/index.php?rest_route=\/wp\/v2\/product\/136","targetHints":{"allow":["GET"]}}],"collection":[{"href":"https:\/\/colorbanner.com.br\/index.php?rest_route=\/wp\/v2\/product"}],"about":[{"href":"https:\/\/colorbanner.com.br\/index.php?rest_route=\/wp\/v2\/types\/product"}],"replies":[{"embeddable":true,"href":"https:\/\/colorbanner.com.br\/index.php?rest_route=%2Fwp%2Fv2%2Fcomments&post=136"}],"wp:featuredmedia":[{"embeddable":true,"href":"https:\/\/colorbanner.com.br\/index.php?rest_route=\/wp\/v2\/media\/871"}],"wp:attachment":[{"href":"https:\/\/colorbanner.com.br\/index.php?rest_route=%2Fwp%2Fv2%2Fmedia&parent=136"}],"wp:term":[{"taxonomy":"product_brand","embeddable":true,"href":"https:\/\/colorbanner.com.br\/index.php?rest_route=%2Fwp%2Fv2%2Fproduct_brand&post=136"},{"taxonomy":"product_cat","embeddable":true,"href":"https:\/\/colorbanner.com.br\/index.php?rest_route=%2Fwp%2Fv2%2Fproduct_cat&post=136"},{"taxonomy":"product_tag","embeddable":true,"href":"https:\/\/colorbanner.com.br\/index.php?rest_route=%2Fwp%2Fv2%2Fproduct_tag&post=136"}],"curies":[{"name":"wp","href":"https:\/\/api.w.org\/{rel}","templated":true}]}}