{"id":20,"date":"2023-11-17T11:25:45","date_gmt":"2023-11-17T14:25:45","guid":{"rendered":"https:\/\/colorbanner.com.br\/?post_type=product&#038;p=20"},"modified":"2024-01-06T15:15:45","modified_gmt":"2024-01-06T18:15:45","slug":"cartoes-de-visita-4x0-cor","status":"publish","type":"product","link":"https:\/\/colorbanner.com.br\/?product=cartoes-de-visita-4x0-cor","title":{"rendered":"1.000 Cart\u00f5es de Visita Colorido Frente"},"content":{"rendered":"<p>O cart\u00e3o de visita couch\u00ea 250g\u00a0 \u00e9 um dos cart\u00f5es mais vendidos no setor, por se tratar de um produto de alta qualidade, resist\u00eancia e acabamento diferenciado. Comece a lucrar com produtos da linha couch\u00ea 250g da Color Banner.<\/p>\n<p>Qualidade, pre\u00e7o justo e rapidez na entrega voc\u00ea encontra s\u00f3 aqui.<\/p>\n<ul>\n<li><strong>Cor:<\/strong> 4&#215;0\u00a0 &#8211; Colorido Frente<\/li>\n<li><strong>Papel:<\/strong>\u00a0 Couche 250 grs<\/li>\n<li><strong>Revestimento:<\/strong> Verniz Total Brilho Frente<\/li>\n<li><strong>Acabamento:<\/strong> Corte reto<\/li>\n<li><strong>Formato:<\/strong> 4,8&#215;8,8 cm<\/li>\n<li><strong>Produ\u00e7\u00e3o:<\/strong> Arte Final 2 Dias \u00dateis, Produ\u00e7\u00e3o 4 Dias \u00dateis (ap\u00f3s aprova\u00e7\u00e3o da arte)<\/li>\n<li><strong>Arte Final:<\/strong> Fornecida pelo Color Banner, m\u00e1ximo de 2 altera\u00e7\u00f5es (cliente dever\u00e1 enviar dados, logotipo, ideia de fundo e cores). Arte e altera\u00e7\u00f5es ser\u00e3o enviados via e-mail.<\/li>\n<\/ul>\n","protected":false},"excerpt":{"rendered":"<p>Cart\u00e3o de visita couch\u00ea 250g, \u00e9 produzido com a mais alta qualidade na impress\u00e3o e visa atender um mercado muito exigente. O Cart\u00e3o de Visita Couch\u00ea 250g \u00e9 excelente para quem procura qualidade e menor pre\u00e7o no mesmo material.<\/p>\n","protected":false},"featured_media":743,"comment_status":"closed","ping_status":"closed","template":"","meta":[],"product_brand":[],"product_cat":[18],"product_tag":[53],"class_list":{"0":"post-20","1":"product","2":"type-product","3":"status-publish","4":"has-post-thumbnail","6":"product_cat-cartao-de-visita","7":"product_tag-grafica","8":"pa_quantidades-1-000","9":"pa_quantidades-28","10":"pa_quantidades-2-000","11":"pa_quantidades-30","13":"first","14":"instock","15":"taxable","16":"shipping-taxable","17":"purchasable","18":"product-type-simple"},"_links":{"self":[{"href":"https:\/\/colorbanner.com.br\/index.php?rest_route=\/wp\/v2\/product\/20","targetHints":{"allow":["GET"]}}],"collection":[{"href":"https:\/\/colorbanner.com.br\/index.php?rest_route=\/wp\/v2\/product"}],"about":[{"href":"https:\/\/colorbanner.com.br\/index.php?rest_route=\/wp\/v2\/types\/product"}],"replies":[{"embeddable":true,"href":"https:\/\/colorbanner.com.br\/index.php?rest_route=%2Fwp%2Fv2%2Fcomments&post=20"}],"wp:featuredmedia":[{"embeddable":true,"href":"https:\/\/colorbanner.com.br\/index.php?rest_route=\/wp\/v2\/media\/743"}],"wp:attachment":[{"href":"https:\/\/colorbanner.com.br\/index.php?rest_route=%2Fwp%2Fv2%2Fmedia&parent=20"}],"wp:term":[{"taxonomy":"product_brand","embeddable":true,"href":"https:\/\/colorbanner.com.br\/index.php?rest_route=%2Fwp%2Fv2%2Fproduct_brand&post=20"},{"taxonomy":"product_cat","embeddable":true,"href":"https:\/\/colorbanner.com.br\/index.php?rest_route=%2Fwp%2Fv2%2Fproduct_cat&post=20"},{"taxonomy":"product_tag","embeddable":true,"href":"https:\/\/colorbanner.com.br\/index.php?rest_route=%2Fwp%2Fv2%2Fproduct_tag&post=20"}],"curies":[{"name":"wp","href":"https:\/\/api.w.org\/{rel}","templated":true}]}}