{"id":21,"date":"2023-11-17T11:25:45","date_gmt":"2023-11-17T14:25:45","guid":{"rendered":"https:\/\/colorbanner.com.br\/?post_type=product&#038;p=21"},"modified":"2024-01-06T12:45:15","modified_gmt":"2024-01-06T15:45:15","slug":"cartao-de-visita-verniz-localizado-4x4-corte-reto","status":"publish","type":"product","link":"https:\/\/colorbanner.com.br\/?product=cartao-de-visita-verniz-localizado-4x4-corte-reto","title":{"rendered":"1.000 Cart\u00f5es de Visita Verniz Localizado"},"content":{"rendered":"<h3><b>O que \u00e9 verniz UV local?<\/b><\/h3>\n<p>\u00c9 um acabamento muito utilizado, principalmente em cart\u00f5es de visita. E consiste em deixar uma \u00e1rea espec\u00edfica com destaque envernizado.<\/p>\n<h3><b>Quais os benef\u00edcios desse acabamento?<\/b><\/h3>\n<p>Ele \u00e9 conhecido por dar mais sofistica\u00e7\u00e3o ao material, apresentar a nitidez das cores, dar brilho a elementos espec\u00edficos e aumentar a resist\u00eancia do impresso ao calor, \u00e0 chuva, e etc.<\/p>\n","protected":false},"excerpt":{"rendered":"<p>O cart\u00e3o de visita couch\u00ea 300g\u00a0 \u00e9 um dos cart\u00f5es mais vendidos no setor, por se tratar de um produto de alta qualidade, resist\u00eancia e acabamento diferenciado. Comece a lucrar com produtos da linha couch\u00ea 300g da Color Banner.<\/p>\n<p>Qualidade, pre\u00e7o justo e rapidez na entrega voc\u00ea encontra s\u00f3 aqui.<\/p>\n<ul>\n<li><strong>Cor:<\/strong> 4&#215;4\u00a0 \u2013 Colorido Frente e Verso<\/li>\n<li><strong>Lamina\u00e7\u00e3o:\u00a0<\/strong>Fosca Frente e Verso<\/li>\n<li><strong>Verniz Localizado:\u00a0<\/strong>Brilho Frente e Verso<\/li>\n<li><strong>Papel:<\/strong>\u00a0 Couche 300 grs<\/li>\n<li><strong>Revestimento:<\/strong> Lamina\u00e7\u00e3o Fosca Frente e Verso<\/li>\n<li><strong>Acabamento:<\/strong>\u00a0Corte reto<\/li>\n<li><strong>Formato:<\/strong>\u00a04,8\u00d78,8 cm<\/li>\n<li><strong>Produ\u00e7\u00e3o:<\/strong> 5 dias \u00fateis (ap\u00f3s aprova\u00e7\u00e3o da arte)<\/li>\n<li><strong>Arte Final:<\/strong> Fornecida pelo Color Banner, m\u00e1ximo de 2 altera\u00e7\u00f5es (cliente dever\u00e1 enviar dados, logotipo, ideia de fundo e cores). Arte e altera\u00e7\u00f5es ser\u00e1 envia via e-mail.<\/li>\n<\/ul>\n","protected":false},"featured_media":741,"comment_status":"closed","ping_status":"closed","template":"","meta":[],"product_brand":[],"product_cat":[18],"product_tag":[53],"class_list":{"0":"post-21","1":"product","2":"type-product","3":"status-publish","4":"has-post-thumbnail","6":"product_cat-cartao-de-visita","7":"product_tag-grafica","9":"first","10":"instock","11":"taxable","12":"shipping-taxable","13":"purchasable","14":"product-type-simple"},"_links":{"self":[{"href":"https:\/\/colorbanner.com.br\/index.php?rest_route=\/wp\/v2\/product\/21","targetHints":{"allow":["GET"]}}],"collection":[{"href":"https:\/\/colorbanner.com.br\/index.php?rest_route=\/wp\/v2\/product"}],"about":[{"href":"https:\/\/colorbanner.com.br\/index.php?rest_route=\/wp\/v2\/types\/product"}],"replies":[{"embeddable":true,"href":"https:\/\/colorbanner.com.br\/index.php?rest_route=%2Fwp%2Fv2%2Fcomments&post=21"}],"wp:featuredmedia":[{"embeddable":true,"href":"https:\/\/colorbanner.com.br\/index.php?rest_route=\/wp\/v2\/media\/741"}],"wp:attachment":[{"href":"https:\/\/colorbanner.com.br\/index.php?rest_route=%2Fwp%2Fv2%2Fmedia&parent=21"}],"wp:term":[{"taxonomy":"product_brand","embeddable":true,"href":"https:\/\/colorbanner.com.br\/index.php?rest_route=%2Fwp%2Fv2%2Fproduct_brand&post=21"},{"taxonomy":"product_cat","embeddable":true,"href":"https:\/\/colorbanner.com.br\/index.php?rest_route=%2Fwp%2Fv2%2Fproduct_cat&post=21"},{"taxonomy":"product_tag","embeddable":true,"href":"https:\/\/colorbanner.com.br\/index.php?rest_route=%2Fwp%2Fv2%2Fproduct_tag&post=21"}],"curies":[{"name":"wp","href":"https:\/\/api.w.org\/{rel}","templated":true}]}}