{"id":22,"date":"2023-11-17T11:25:45","date_gmt":"2023-11-17T14:25:45","guid":{"rendered":"https:\/\/colorbanner.com.br\/?post_type=product&#038;p=22"},"modified":"2023-12-08T19:48:30","modified_gmt":"2023-12-08T22:48:30","slug":"cartoes-de-visita-4x1-cor","status":"publish","type":"product","link":"https:\/\/colorbanner.com.br\/?product=cartoes-de-visita-4x1-cor","title":{"rendered":"Cart\u00f5es de Visita &#8211; 4&#215;1 Cor"},"content":{"rendered":"<p>O cart\u00e3o de visita couch\u00ea 250g\u00a0 \u00e9 um dos cart\u00f5es mais vendidos no setor, por se tratar de um produto de alta qualidade, resist\u00eancia e acabamento diferenciado. Comece a lucrar com produtos da linha couch\u00ea 250g da Color Banner.<\/p>\n<p>Qualidade, pre\u00e7o justo e rapidez na entrega voc\u00ea encontra s\u00f3 aqui.<\/p>\n<ul>\n<li><strong>Cor:<\/strong> 4&#215;1\u00a0 &#8211; Colorido Frente &#8211; Verso Preto<\/li>\n<li><strong>Papel:<\/strong>\u00a0 Couche 250 grs<\/li>\n<li><strong>Revestimento:<\/strong> Verniz Total Brilho Frente<\/li>\n<li><strong>Acabamento:<\/strong> Corte reto<\/li>\n<li><strong>Formato:<\/strong> 4,8&#215;8,8 cm<\/li>\n<li><strong>Produ\u00e7\u00e3o:<\/strong> Arte Final 2 Dias \u00dateis, Produ\u00e7\u00e3o 4 Dias \u00dateis<\/li>\n<li><strong>Arte Final:<\/strong> Fornecida pelo Color Banner, m\u00e1ximo de 2 altera\u00e7\u00f5es (cliente dever\u00e1 enviar dados, logotipo, ideia de fundo e cores). Arte e altera\u00e7\u00f5es ser\u00e1 envia via e-mail.<\/li>\n<\/ul>\n","protected":false},"excerpt":{"rendered":"<p>Cart\u00e3o de Visita Colorido Frente e Verso Preto<\/p>\n","protected":false},"featured_media":54,"comment_status":"closed","ping_status":"closed","template":"","meta":[],"product_brand":[],"product_cat":[18],"product_tag":[53],"class_list":{"0":"post-22","1":"product","2":"type-product","3":"status-publish","4":"has-post-thumbnail","6":"product_cat-cartao-de-visita","7":"product_tag-grafica","8":"pa_quantidades-1-000","9":"pa_quantidades-28","10":"pa_quantidades-30","12":"first","13":"instock","14":"taxable","15":"shipping-taxable","16":"purchasable","17":"product-type-variable"},"_links":{"self":[{"href":"https:\/\/colorbanner.com.br\/index.php?rest_route=\/wp\/v2\/product\/22","targetHints":{"allow":["GET"]}}],"collection":[{"href":"https:\/\/colorbanner.com.br\/index.php?rest_route=\/wp\/v2\/product"}],"about":[{"href":"https:\/\/colorbanner.com.br\/index.php?rest_route=\/wp\/v2\/types\/product"}],"replies":[{"embeddable":true,"href":"https:\/\/colorbanner.com.br\/index.php?rest_route=%2Fwp%2Fv2%2Fcomments&post=22"}],"wp:featuredmedia":[{"embeddable":true,"href":"https:\/\/colorbanner.com.br\/index.php?rest_route=\/wp\/v2\/media\/54"}],"wp:attachment":[{"href":"https:\/\/colorbanner.com.br\/index.php?rest_route=%2Fwp%2Fv2%2Fmedia&parent=22"}],"wp:term":[{"taxonomy":"product_brand","embeddable":true,"href":"https:\/\/colorbanner.com.br\/index.php?rest_route=%2Fwp%2Fv2%2Fproduct_brand&post=22"},{"taxonomy":"product_cat","embeddable":true,"href":"https:\/\/colorbanner.com.br\/index.php?rest_route=%2Fwp%2Fv2%2Fproduct_cat&post=22"},{"taxonomy":"product_tag","embeddable":true,"href":"https:\/\/colorbanner.com.br\/index.php?rest_route=%2Fwp%2Fv2%2Fproduct_tag&post=22"}],"curies":[{"name":"wp","href":"https:\/\/api.w.org\/{rel}","templated":true}]}}