{"id":31,"date":"2023-11-17T11:25:45","date_gmt":"2023-11-17T14:25:45","guid":{"rendered":"https:\/\/colorbanner.com.br\/?post_type=product&#038;p=31"},"modified":"2023-12-08T19:51:40","modified_gmt":"2023-12-08T22:51:40","slug":"folheto-4x4-10x14-couche-80grs-1-4-da-sulfite","status":"publish","type":"product","link":"https:\/\/colorbanner.com.br\/?product=folheto-4x4-10x14-couche-80grs-1-4-da-sulfite","title":{"rendered":"Folheto 4\u00d74 \u2013 10\u00d714 \u2013 Couche 80grs | 1\/4 da Sulfite"},"content":{"rendered":"<p>Os Panfletos ou Folhetos Couch\u00ea 80g Sem verniz da Color Banner s\u00e3o produzidos com a mais alta qualidade na impress\u00e3o e visa atender um mercado muito exigente.<\/p>\n<ul>\n<li><strong>Papel:<\/strong> Briho 80grs<\/li>\n<li><strong>Formato:<\/strong>\u00a010x14cm<\/li>\n<li><strong>Produ\u00e7\u00e3o:<\/strong> 5 dias \u00fateis<\/li>\n<li><strong>Peso:<\/strong>\u00a01 kg<\/li>\n<li><strong>Arte Final:<\/strong>\u00a0Fornecida pelo Color Banner, m\u00e1ximo de 2 altera\u00e7\u00f5es (cliente dever\u00e1 enviar dados, logotipo, ideia de fundo e cores). Arte e altera\u00e7\u00f5es ser\u00e1 envia via e-mail<\/li>\n<\/ul>\n","protected":false},"excerpt":{"rendered":"<p>Os Panfletos ou Folhetos Couch\u00ea 80g Sem verniz da Color Banner s\u00e3o produzidos com a mais alta qualidade na impress\u00e3o e visa atender um mercado muito exigente. Papel: Briho 80grs Formato:\u00a010x14cm Produ\u00e7\u00e3o: 5 dias \u00fateis Peso:\u00a01 kg Arte Final:\u00a0Fornecida pelo Color Banner, m\u00e1ximo de 2 altera\u00e7\u00f5es (cliente dever\u00e1 enviar dados, logotipo, ideia de fundo e [&hellip;]<\/p>\n","protected":false},"featured_media":63,"comment_status":"closed","ping_status":"closed","template":"","meta":[],"product_brand":[],"product_cat":[19],"product_tag":[53],"class_list":{"0":"post-31","1":"product","2":"type-product","3":"status-publish","4":"has-post-thumbnail","6":"product_cat-folhetos","7":"product_tag-grafica","8":"pa_quantidades-1-000","9":"pa_quantidades-2-500","10":"pa_quantidades-5-000","12":"first","13":"instock","14":"taxable","15":"shipping-taxable","16":"purchasable","17":"product-type-variable"},"_links":{"self":[{"href":"https:\/\/colorbanner.com.br\/index.php?rest_route=\/wp\/v2\/product\/31","targetHints":{"allow":["GET"]}}],"collection":[{"href":"https:\/\/colorbanner.com.br\/index.php?rest_route=\/wp\/v2\/product"}],"about":[{"href":"https:\/\/colorbanner.com.br\/index.php?rest_route=\/wp\/v2\/types\/product"}],"replies":[{"embeddable":true,"href":"https:\/\/colorbanner.com.br\/index.php?rest_route=%2Fwp%2Fv2%2Fcomments&post=31"}],"wp:featuredmedia":[{"embeddable":true,"href":"https:\/\/colorbanner.com.br\/index.php?rest_route=\/wp\/v2\/media\/63"}],"wp:attachment":[{"href":"https:\/\/colorbanner.com.br\/index.php?rest_route=%2Fwp%2Fv2%2Fmedia&parent=31"}],"wp:term":[{"taxonomy":"product_brand","embeddable":true,"href":"https:\/\/colorbanner.com.br\/index.php?rest_route=%2Fwp%2Fv2%2Fproduct_brand&post=31"},{"taxonomy":"product_cat","embeddable":true,"href":"https:\/\/colorbanner.com.br\/index.php?rest_route=%2Fwp%2Fv2%2Fproduct_cat&post=31"},{"taxonomy":"product_tag","embeddable":true,"href":"https:\/\/colorbanner.com.br\/index.php?rest_route=%2Fwp%2Fv2%2Fproduct_tag&post=31"}],"curies":[{"name":"wp","href":"https:\/\/api.w.org\/{rel}","templated":true}]}}