{"id":36,"date":"2023-11-17T11:25:45","date_gmt":"2023-11-17T14:25:45","guid":{"rendered":"https:\/\/colorbanner.com.br\/?post_type=product&#038;p=36"},"modified":"2023-12-08T19:53:02","modified_gmt":"2023-12-08T22:53:02","slug":"cracha-4x0-unidade","status":"publish","type":"product","link":"https:\/\/colorbanner.com.br\/?product=cracha-4x0-unidade","title":{"rendered":"Crach\u00e1 4&#215;0 (Unidade)"},"content":{"rendered":"<p>Crach\u00e1s s\u00e3o cada vez mais requisitados por grandes e pequenas empresas, mais que um produto personalizado, eles se tornaram itens de seguran\u00e7a para controlar acesso, tr\u00e1fego e muito mais.<\/p>\n<p>Demais unidades entrar em contato para uma cota\u00e7\u00e3o.<\/p>\n<ul>\n<li><strong>Produ\u00e7\u00e3o:<\/strong> 3 dias \u00fateis<\/li>\n<li><strong>Arte Final:<\/strong>\u00a0Fornecida pelo Color Banner, m\u00e1ximo de 2 altera\u00e7\u00f5es (cliente dever\u00e1 enviar dados, logotipo, ideia de fundo e cores). Arte e altera\u00e7\u00f5es ser\u00e1 envia via e-mail<\/li>\n<li><strong>Gramatura:<\/strong>\u00a075g<\/li>\n<li><strong>Papel\/Material:<\/strong>\u00a0CRACHA PLASTICO COMPACTO<\/li>\n<li><strong>Peso:<\/strong>\u00a05g<\/li>\n<\/ul>\n","protected":false},"excerpt":{"rendered":"<p>Crach\u00e1s s\u00e3o cada vez mais requisitados por grandes e pequenas empresas, mais que um produto personalizado, eles se tornaram itens de seguran\u00e7a para controlar acesso, tr\u00e1fego e muito mais. Demais unidades entrar em contato para uma cota\u00e7\u00e3o. Produ\u00e7\u00e3o: 3 dias \u00fateis Arte Final:\u00a0Fornecida pelo Color Banner, m\u00e1ximo de 2 altera\u00e7\u00f5es (cliente dever\u00e1 enviar dados, logotipo, [&hellip;]<\/p>\n","protected":false},"featured_media":65,"comment_status":"closed","ping_status":"closed","template":"","meta":[],"product_brand":[],"product_cat":[21],"product_tag":[],"class_list":{"0":"post-36","1":"product","2":"type-product","3":"status-publish","4":"has-post-thumbnail","6":"product_cat-crachas","8":"first","9":"instock","10":"taxable","11":"shipping-taxable","12":"purchasable","13":"product-type-simple"},"_links":{"self":[{"href":"https:\/\/colorbanner.com.br\/index.php?rest_route=\/wp\/v2\/product\/36","targetHints":{"allow":["GET"]}}],"collection":[{"href":"https:\/\/colorbanner.com.br\/index.php?rest_route=\/wp\/v2\/product"}],"about":[{"href":"https:\/\/colorbanner.com.br\/index.php?rest_route=\/wp\/v2\/types\/product"}],"replies":[{"embeddable":true,"href":"https:\/\/colorbanner.com.br\/index.php?rest_route=%2Fwp%2Fv2%2Fcomments&post=36"}],"wp:featuredmedia":[{"embeddable":true,"href":"https:\/\/colorbanner.com.br\/index.php?rest_route=\/wp\/v2\/media\/65"}],"wp:attachment":[{"href":"https:\/\/colorbanner.com.br\/index.php?rest_route=%2Fwp%2Fv2%2Fmedia&parent=36"}],"wp:term":[{"taxonomy":"product_brand","embeddable":true,"href":"https:\/\/colorbanner.com.br\/index.php?rest_route=%2Fwp%2Fv2%2Fproduct_brand&post=36"},{"taxonomy":"product_cat","embeddable":true,"href":"https:\/\/colorbanner.com.br\/index.php?rest_route=%2Fwp%2Fv2%2Fproduct_cat&post=36"},{"taxonomy":"product_tag","embeddable":true,"href":"https:\/\/colorbanner.com.br\/index.php?rest_route=%2Fwp%2Fv2%2Fproduct_tag&post=36"}],"curies":[{"name":"wp","href":"https:\/\/api.w.org\/{rel}","templated":true}]}}