{"id":39,"date":"2023-11-17T11:25:46","date_gmt":"2023-11-17T14:25:46","guid":{"rendered":"https:\/\/colorbanner.com.br\/?post_type=product&#038;p=39"},"modified":"2023-11-17T11:26:59","modified_gmt":"2023-11-17T14:26:59","slug":"lona-com-ilhos-3-0x1-0","status":"publish","type":"product","link":"https:\/\/colorbanner.com.br\/?product=lona-com-ilhos-3-0x1-0","title":{"rendered":"Lona com Ilh\u00f3s &#8211; 3.0&#215;1.0"},"content":{"rendered":"<h3 class=\"has-luminous-vivid-amber-color has-text-color\">Vantagens da Lona com Ilh\u00f3s<\/h3>\n<p><strong>Versatilidade<\/strong>: este \u00e9 um material muito vers\u00e1til que pode ser aproveitado em diversas situa\u00e7\u00f5es. Em eventos internos ou externos, ele se torna um grande aliado na hora de divulgar sua marca ou produto. Eles podem passar\u00a0mensagens direcionadas como boas-vindas ou not\u00edcias sobre o lan\u00e7amento de um determinado produto ou campanha. Tamb\u00e9m pode instruir, por exemplo, orientar os clientes sobre o hor\u00e1rio de atendimento, entre outras situa\u00e7\u00f5es.<\/p>\n<p><strong>Exposi\u00e7\u00e3o da marca<\/strong>: Quando bem posicionados, criam um excelente ponto de visualiza\u00e7\u00e3o para sua marca, podendo ser visto a m\u00e9dia e longa dist\u00e2ncia.<\/p>\n<p><strong>Resistente<\/strong>: A lona usada para fabrica\u00e7\u00e3o de um banner ou outro item garante durabilidade e resist\u00eancia ao mesmo. Assim, pode ser transportado e utilizado por v\u00e1rias vezes.<\/p>\n<p><strong>Praticidade<\/strong>: Uma pe\u00e7a utilizada para comunicar de forma f\u00e1cil e pr\u00e1tica. \u00c9 desenvolvida com material leve, facilitando o transporte e limpeza. Sendo que pode ser adaptada para diversas formas de exposi\u00e7\u00e3o.<\/p>\n<p><strong>Custo baixo<\/strong>: Um item para comunica\u00e7\u00e3o visual que possui um \u00f3timo custo benef\u00edcio.<\/p>\n<p><strong>Desperta a aten\u00e7\u00e3o<\/strong>: Personalizada de acordo com a necessidade de cada trabalho, causando um impacto positivo ao p\u00fablico alvo.<\/p>\n<p><strong>Reutiliz\u00e1vel<\/strong>: Uma grande vantagem destes produtos \u00e9 que dependendo do conte\u00fado impresso, podem ser reaproveitados quantas vezes forem necess\u00e1rias nos mais diversos locais e ocasi\u00f5es.<\/p>\n<p>&nbsp;<\/p>\n<p><strong>Arte Final:\u00a0Fornecida pelo Color Banner, m\u00e1ximo de 2 altera\u00e7\u00f5es (cliente dever\u00e1 enviar dados, logotipo, ideia de fundo e cores). Arte e altera\u00e7\u00f5es ser\u00e1 envia via\u00a0<\/strong><b>e-mail<\/b><\/p>\n","protected":false},"excerpt":{"rendered":"<p>Lonas com Ilh\u00f3s em Impress\u00e3o Digital 440grs<\/p>\n<p>Pre\u00e7o no site <strong>(Tamanho 3.0&#215;1.0)<\/strong><\/p>\n<p><strong>(Outros tamanhos entrar em contato)<\/strong><\/p>\n<p>&nbsp;<\/p>\n","protected":false},"featured_media":77,"comment_status":"closed","ping_status":"closed","template":"","meta":[],"product_brand":[],"product_cat":[23],"product_tag":[],"class_list":{"0":"post-39","1":"product","2":"type-product","3":"status-publish","4":"has-post-thumbnail","6":"product_cat-lonas-com-ilhos","8":"first","9":"instock","10":"taxable","11":"shipping-taxable","12":"purchasable","13":"product-type-simple"},"_links":{"self":[{"href":"https:\/\/colorbanner.com.br\/index.php?rest_route=\/wp\/v2\/product\/39","targetHints":{"allow":["GET"]}}],"collection":[{"href":"https:\/\/colorbanner.com.br\/index.php?rest_route=\/wp\/v2\/product"}],"about":[{"href":"https:\/\/colorbanner.com.br\/index.php?rest_route=\/wp\/v2\/types\/product"}],"replies":[{"embeddable":true,"href":"https:\/\/colorbanner.com.br\/index.php?rest_route=%2Fwp%2Fv2%2Fcomments&post=39"}],"wp:featuredmedia":[{"embeddable":true,"href":"https:\/\/colorbanner.com.br\/index.php?rest_route=\/wp\/v2\/media\/77"}],"wp:attachment":[{"href":"https:\/\/colorbanner.com.br\/index.php?rest_route=%2Fwp%2Fv2%2Fmedia&parent=39"}],"wp:term":[{"taxonomy":"product_brand","embeddable":true,"href":"https:\/\/colorbanner.com.br\/index.php?rest_route=%2Fwp%2Fv2%2Fproduct_brand&post=39"},{"taxonomy":"product_cat","embeddable":true,"href":"https:\/\/colorbanner.com.br\/index.php?rest_route=%2Fwp%2Fv2%2Fproduct_cat&post=39"},{"taxonomy":"product_tag","embeddable":true,"href":"https:\/\/colorbanner.com.br\/index.php?rest_route=%2Fwp%2Fv2%2Fproduct_tag&post=39"}],"curies":[{"name":"wp","href":"https:\/\/api.w.org\/{rel}","templated":true}]}}