{"id":40,"date":"2023-11-17T11:25:46","date_gmt":"2023-11-17T14:25:46","guid":{"rendered":"https:\/\/colorbanner.com.br\/?post_type=product&#038;p=40"},"modified":"2023-11-17T11:27:00","modified_gmt":"2023-11-17T14:27:00","slug":"faixa-promocional-3-0x70","status":"publish","type":"product","link":"https:\/\/colorbanner.com.br\/?product=faixa-promocional-3-0x70","title":{"rendered":"FAIXA (PROMOCIONAL) &#8211; 3.0&#215;70"},"content":{"rendered":"","protected":false},"excerpt":{"rendered":"<p>Faixa Impress\u00e3o Digital ( Sendo 3.0 metros de largura por 70 de altura)<\/p>\n<p>Essa Faixa n\u00e3o \u00e9 enviada para aprova\u00e7\u00e3o,<\/p>\n<p>a mesma fica pronta em 3 dias \u00fateis ap\u00f3s o fechamento do servi\u00e7o<\/p>\n","protected":false},"featured_media":78,"comment_status":"closed","ping_status":"closed","template":"","meta":[],"product_brand":[],"product_cat":[25],"product_tag":[],"class_list":{"0":"post-40","1":"product","2":"type-product","3":"status-publish","4":"has-post-thumbnail","6":"product_cat-faixas","8":"first","9":"instock","10":"taxable","11":"shipping-taxable","12":"purchasable","13":"product-type-simple"},"_links":{"self":[{"href":"https:\/\/colorbanner.com.br\/index.php?rest_route=\/wp\/v2\/product\/40","targetHints":{"allow":["GET"]}}],"collection":[{"href":"https:\/\/colorbanner.com.br\/index.php?rest_route=\/wp\/v2\/product"}],"about":[{"href":"https:\/\/colorbanner.com.br\/index.php?rest_route=\/wp\/v2\/types\/product"}],"replies":[{"embeddable":true,"href":"https:\/\/colorbanner.com.br\/index.php?rest_route=%2Fwp%2Fv2%2Fcomments&post=40"}],"wp:featuredmedia":[{"embeddable":true,"href":"https:\/\/colorbanner.com.br\/index.php?rest_route=\/wp\/v2\/media\/78"}],"wp:attachment":[{"href":"https:\/\/colorbanner.com.br\/index.php?rest_route=%2Fwp%2Fv2%2Fmedia&parent=40"}],"wp:term":[{"taxonomy":"product_brand","embeddable":true,"href":"https:\/\/colorbanner.com.br\/index.php?rest_route=%2Fwp%2Fv2%2Fproduct_brand&post=40"},{"taxonomy":"product_cat","embeddable":true,"href":"https:\/\/colorbanner.com.br\/index.php?rest_route=%2Fwp%2Fv2%2Fproduct_cat&post=40"},{"taxonomy":"product_tag","embeddable":true,"href":"https:\/\/colorbanner.com.br\/index.php?rest_route=%2Fwp%2Fv2%2Fproduct_tag&post=40"}],"curies":[{"name":"wp","href":"https:\/\/api.w.org\/{rel}","templated":true}]}}