{"id":41,"date":"2023-11-17T11:25:46","date_gmt":"2023-11-17T14:25:46","guid":{"rendered":"https:\/\/colorbanner.com.br\/?post_type=product&#038;p=41"},"modified":"2023-12-08T19:44:56","modified_gmt":"2023-12-08T22:44:56","slug":"tags-personalizadas-4x1-colorida-frente-preto-e-branco-verso-43x48","status":"publish","type":"product","link":"https:\/\/colorbanner.com.br\/?product=tags-personalizadas-4x1-colorida-frente-preto-e-branco-verso-43x48","title":{"rendered":"Tags Personalizadas &#8211; 4&#215;1 (Colorida Frente &#8211; Preto e Branco Verso) 4,3&#215;4,8"},"content":{"rendered":"<p>As Tags da Color Banner s\u00e3o produzidas com a mais alta qualidade na impress\u00e3o e visa atender um mercado muito exigente. Conhe\u00e7a as Tags produzidas em Papel Couch\u00ea 250g com Verniz UV Total FR. Essenciais para uma boa margem de lucro para voc\u00ea.<\/p>\n<ul>\n<li><strong>Cor:<\/strong> 4&#215;1\u00a0 \u2013 Colorido Frente e Verso<\/li>\n<li><strong>Verniz Localizado:\u00a0<\/strong>Brilho Frente e Verso<\/li>\n<li><strong>Papel:<\/strong>\u00a0 Couche 250 grs<\/li>\n<li><strong>Acabamento:<\/strong> Cantos Retos<\/li>\n<li><strong>Formato:<\/strong> 4,3&#215;4,8 cm<\/li>\n<\/ul>\n","protected":false},"excerpt":{"rendered":"<p>As Tags da Color Banner s\u00e3o produzidas com a mais alta qualidade na impress\u00e3o e visa atender um mercado muito exigente. Conhe\u00e7a as Tags produzidas em Papel Couch\u00ea 250g com Verniz UV Total FR. Essenciais para uma boa margem de lucro para voc\u00ea. Cor: 4&#215;1\u00a0 \u2013 Colorido Frente e Verso Verniz Localizado:\u00a0Brilho Frente e Verso [&hellip;]<\/p>\n","protected":false},"featured_media":79,"comment_status":"closed","ping_status":"closed","template":"","meta":[],"product_brand":[],"product_cat":[26],"product_tag":[53],"class_list":{"0":"post-41","1":"product","2":"type-product","3":"status-publish","4":"has-post-thumbnail","6":"product_cat-tags","7":"product_tag-grafica","8":"pa_quantidades-1-000","9":"pa_quantidades-2-000","10":"pa_quantidades-30","12":"first","13":"instock","14":"taxable","15":"shipping-taxable","16":"purchasable","17":"product-type-variable"},"_links":{"self":[{"href":"https:\/\/colorbanner.com.br\/index.php?rest_route=\/wp\/v2\/product\/41","targetHints":{"allow":["GET"]}}],"collection":[{"href":"https:\/\/colorbanner.com.br\/index.php?rest_route=\/wp\/v2\/product"}],"about":[{"href":"https:\/\/colorbanner.com.br\/index.php?rest_route=\/wp\/v2\/types\/product"}],"replies":[{"embeddable":true,"href":"https:\/\/colorbanner.com.br\/index.php?rest_route=%2Fwp%2Fv2%2Fcomments&post=41"}],"wp:featuredmedia":[{"embeddable":true,"href":"https:\/\/colorbanner.com.br\/index.php?rest_route=\/wp\/v2\/media\/79"}],"wp:attachment":[{"href":"https:\/\/colorbanner.com.br\/index.php?rest_route=%2Fwp%2Fv2%2Fmedia&parent=41"}],"wp:term":[{"taxonomy":"product_brand","embeddable":true,"href":"https:\/\/colorbanner.com.br\/index.php?rest_route=%2Fwp%2Fv2%2Fproduct_brand&post=41"},{"taxonomy":"product_cat","embeddable":true,"href":"https:\/\/colorbanner.com.br\/index.php?rest_route=%2Fwp%2Fv2%2Fproduct_cat&post=41"},{"taxonomy":"product_tag","embeddable":true,"href":"https:\/\/colorbanner.com.br\/index.php?rest_route=%2Fwp%2Fv2%2Fproduct_tag&post=41"}],"curies":[{"name":"wp","href":"https:\/\/api.w.org\/{rel}","templated":true}]}}