{"id":62,"date":"2023-11-17T11:26:33","date_gmt":"2023-11-17T14:26:33","guid":{"rendered":"https:\/\/colorbanner.com.br\/?post_type=product&#038;p=62"},"modified":"2023-12-08T19:37:36","modified_gmt":"2023-12-08T22:37:36","slug":"cavalete-70x1-0-acabamento-em-madeira","status":"publish","type":"product","link":"https:\/\/colorbanner.com.br\/?product=cavalete-70x1-0-acabamento-em-madeira","title":{"rendered":"Cavalete 70&#215;1.0 &#8211; (Acabamento em Madeira)"},"content":{"rendered":"<p>O\u00a0<strong>Cavalete<\/strong> \u00e9 um material muito utilizado por diversos estabelecimentos para auxiliar na divulga\u00e7\u00e3o de seus produtos<\/p>\n<ul>\n<li><strong>Acabamento:<\/strong>\u00a0Madeira<\/li>\n<li><strong>Tamanho:<\/strong> 70&#215;1.0<\/li>\n<\/ul>\n","protected":false},"excerpt":{"rendered":"<p>O\u00a0Cavalete \u00e9 um material muito utilizado por diversos estabelecimentos para auxiliar na divulga\u00e7\u00e3o de seus produtos Acabamento:\u00a0Madeira Tamanho: 70&#215;1.0<\/p>\n","protected":false},"featured_media":82,"comment_status":"closed","ping_status":"closed","template":"","meta":[],"product_brand":[],"product_cat":[34],"product_tag":[54],"class_list":{"0":"post-62","1":"product","2":"type-product","3":"status-publish","4":"has-post-thumbnail","6":"product_cat-cavalete","7":"product_tag-impressao-digital","9":"first","10":"instock","11":"taxable","12":"shipping-taxable","13":"purchasable","14":"product-type-simple"},"_links":{"self":[{"href":"https:\/\/colorbanner.com.br\/index.php?rest_route=\/wp\/v2\/product\/62","targetHints":{"allow":["GET"]}}],"collection":[{"href":"https:\/\/colorbanner.com.br\/index.php?rest_route=\/wp\/v2\/product"}],"about":[{"href":"https:\/\/colorbanner.com.br\/index.php?rest_route=\/wp\/v2\/types\/product"}],"replies":[{"embeddable":true,"href":"https:\/\/colorbanner.com.br\/index.php?rest_route=%2Fwp%2Fv2%2Fcomments&post=62"}],"wp:featuredmedia":[{"embeddable":true,"href":"https:\/\/colorbanner.com.br\/index.php?rest_route=\/wp\/v2\/media\/82"}],"wp:attachment":[{"href":"https:\/\/colorbanner.com.br\/index.php?rest_route=%2Fwp%2Fv2%2Fmedia&parent=62"}],"wp:term":[{"taxonomy":"product_brand","embeddable":true,"href":"https:\/\/colorbanner.com.br\/index.php?rest_route=%2Fwp%2Fv2%2Fproduct_brand&post=62"},{"taxonomy":"product_cat","embeddable":true,"href":"https:\/\/colorbanner.com.br\/index.php?rest_route=%2Fwp%2Fv2%2Fproduct_cat&post=62"},{"taxonomy":"product_tag","embeddable":true,"href":"https:\/\/colorbanner.com.br\/index.php?rest_route=%2Fwp%2Fv2%2Fproduct_tag&post=62"}],"curies":[{"name":"wp","href":"https:\/\/api.w.org\/{rel}","templated":true}]}}