{"id":69,"date":"2023-11-17T11:26:58","date_gmt":"2023-11-17T14:26:58","guid":{"rendered":"https:\/\/colorbanner.com.br\/?post_type=product&#038;p=69"},"modified":"2023-12-08T19:32:24","modified_gmt":"2023-12-08T22:32:24","slug":"adesivo-impressao-digital-3x3cm","status":"publish","type":"product","link":"https:\/\/colorbanner.com.br\/?product=adesivo-impressao-digital-3x3cm","title":{"rendered":"Adesivo Impress\u00e3o Digital \u2013 3x3cm"},"content":{"rendered":"<p>Quando a sua empresa resolve investir em adesivos personalizados ela est\u00e1 investindo tamb\u00e9m em marketing e esse j\u00e1 \u00e9 um motivo suficiente para fazer valer essa ideia.<\/p>\n<h2>Vantagens do adesivo personalizado para a empresa<\/h2>\n<p>&nbsp;<\/p>\n<h3>Identifica\u00e7\u00e3o da empresa<\/h3>\n<p>Ao usar um adesivo contendo informa\u00e7\u00f5es do seu neg\u00f3cio, a sua marca se expande, fica vis\u00edvel para todo mundo que consome ou n\u00e3o o seu produto.<\/p>\n<p>&nbsp;<\/p>\n<h3>Influencia a escolha do cliente<\/h3>\n<p>Aumenta as chances de compra do cliente uma vez que ele se sente atra\u00eddo por aquela imagem.<\/p>\n<p>&nbsp;<\/p>\n<h3>Maior alcance<\/h3>\n<p>Quando voc\u00ea investe em um adesivo personalizado voc\u00ea est\u00e1 dando ao cliente, e a outras pessoas que tiverem contato com o material, a oportunidade de conhecer o seu trabalho e entrar em contato.<\/p>\n<p>&nbsp;<\/p>\n<ul>\n<li><strong>Entregamos no Metro Quadrado (Rolo)<\/strong><\/li>\n<li><strong>Impress\u00e3o em alta qualidade<\/strong><\/li>\n<li><strong>Gramatura: 0,8 e 0,10<\/strong><\/li>\n<\/ul>\n","protected":false},"excerpt":{"rendered":"<p>Quando a sua empresa resolve investir em adesivos personalizados ela est\u00e1 investindo tamb\u00e9m em marketing e esse j\u00e1 \u00e9 um motivo suficiente para fazer valer essa ideia. Vantagens do adesivo personalizado para a empresa &nbsp; Identifica\u00e7\u00e3o da empresa Ao usar um adesivo contendo informa\u00e7\u00f5es do seu neg\u00f3cio, a sua marca se expande, fica vis\u00edvel para [&hellip;]<\/p>\n","protected":false},"featured_media":106,"comment_status":"closed","ping_status":"closed","template":"","meta":[],"product_brand":[],"product_cat":[22],"product_tag":[54],"class_list":{"0":"post-69","1":"product","2":"type-product","3":"status-publish","4":"has-post-thumbnail","6":"product_cat-adesivos","7":"product_tag-impressao-digital","8":"pa_quantidades-2500-unidades","9":"pa_quantidades-800-unidades","11":"first","12":"instock","13":"taxable","14":"shipping-taxable","15":"purchasable","16":"product-type-variable"},"_links":{"self":[{"href":"https:\/\/colorbanner.com.br\/index.php?rest_route=\/wp\/v2\/product\/69","targetHints":{"allow":["GET"]}}],"collection":[{"href":"https:\/\/colorbanner.com.br\/index.php?rest_route=\/wp\/v2\/product"}],"about":[{"href":"https:\/\/colorbanner.com.br\/index.php?rest_route=\/wp\/v2\/types\/product"}],"replies":[{"embeddable":true,"href":"https:\/\/colorbanner.com.br\/index.php?rest_route=%2Fwp%2Fv2%2Fcomments&post=69"}],"wp:featuredmedia":[{"embeddable":true,"href":"https:\/\/colorbanner.com.br\/index.php?rest_route=\/wp\/v2\/media\/106"}],"wp:attachment":[{"href":"https:\/\/colorbanner.com.br\/index.php?rest_route=%2Fwp%2Fv2%2Fmedia&parent=69"}],"wp:term":[{"taxonomy":"product_brand","embeddable":true,"href":"https:\/\/colorbanner.com.br\/index.php?rest_route=%2Fwp%2Fv2%2Fproduct_brand&post=69"},{"taxonomy":"product_cat","embeddable":true,"href":"https:\/\/colorbanner.com.br\/index.php?rest_route=%2Fwp%2Fv2%2Fproduct_cat&post=69"},{"taxonomy":"product_tag","embeddable":true,"href":"https:\/\/colorbanner.com.br\/index.php?rest_route=%2Fwp%2Fv2%2Fproduct_tag&post=69"}],"curies":[{"name":"wp","href":"https:\/\/api.w.org\/{rel}","templated":true}]}}