{"id":74,"date":"2023-11-17T11:26:58","date_gmt":"2023-11-17T14:26:58","guid":{"rendered":"https:\/\/colorbanner.com.br\/?post_type=product&#038;p=74"},"modified":"2023-12-08T19:29:42","modified_gmt":"2023-12-08T22:29:42","slug":"faixa-promocional-7-0x70","status":"publish","type":"product","link":"https:\/\/colorbanner.com.br\/?product=faixa-promocional-7-0x70","title":{"rendered":"FAIXA (PROMOCIONAL) &#8211; 7.0X70"},"content":{"rendered":"<p>Faixa Impress\u00e3o Digital ( Sendo 7.0 metros de largura por 70 de altura)<\/p>\n<p>Essa Faixa n\u00e3o \u00e9 enviada para aprova\u00e7\u00e3o,<\/p>\n<p>a mesma fica pronta em 3 dias \u00fateis ap\u00f3s o fechamento do servi\u00e7o<\/p>\n","protected":false},"excerpt":{"rendered":"<p>Faixa Impress\u00e3o Digital ( Sendo 7.0 metros de largura por 70 de altura) Essa Faixa n\u00e3o \u00e9 enviada para aprova\u00e7\u00e3o, a mesma fica pronta em 3 dias \u00fateis ap\u00f3s o fechamento do servi\u00e7o<\/p>\n","protected":false},"featured_media":109,"comment_status":"closed","ping_status":"closed","template":"","meta":[],"product_brand":[],"product_cat":[25],"product_tag":[54],"class_list":{"0":"post-74","1":"product","2":"type-product","3":"status-publish","4":"has-post-thumbnail","6":"product_cat-faixas","7":"product_tag-impressao-digital","9":"first","10":"instock","11":"taxable","12":"shipping-taxable","13":"purchasable","14":"product-type-simple"},"_links":{"self":[{"href":"https:\/\/colorbanner.com.br\/index.php?rest_route=\/wp\/v2\/product\/74","targetHints":{"allow":["GET"]}}],"collection":[{"href":"https:\/\/colorbanner.com.br\/index.php?rest_route=\/wp\/v2\/product"}],"about":[{"href":"https:\/\/colorbanner.com.br\/index.php?rest_route=\/wp\/v2\/types\/product"}],"replies":[{"embeddable":true,"href":"https:\/\/colorbanner.com.br\/index.php?rest_route=%2Fwp%2Fv2%2Fcomments&post=74"}],"wp:featuredmedia":[{"embeddable":true,"href":"https:\/\/colorbanner.com.br\/index.php?rest_route=\/wp\/v2\/media\/109"}],"wp:attachment":[{"href":"https:\/\/colorbanner.com.br\/index.php?rest_route=%2Fwp%2Fv2%2Fmedia&parent=74"}],"wp:term":[{"taxonomy":"product_brand","embeddable":true,"href":"https:\/\/colorbanner.com.br\/index.php?rest_route=%2Fwp%2Fv2%2Fproduct_brand&post=74"},{"taxonomy":"product_cat","embeddable":true,"href":"https:\/\/colorbanner.com.br\/index.php?rest_route=%2Fwp%2Fv2%2Fproduct_cat&post=74"},{"taxonomy":"product_tag","embeddable":true,"href":"https:\/\/colorbanner.com.br\/index.php?rest_route=%2Fwp%2Fv2%2Fproduct_tag&post=74"}],"curies":[{"name":"wp","href":"https:\/\/api.w.org\/{rel}","templated":true}]}}