{"id":84,"date":"2023-11-17T11:27:27","date_gmt":"2023-11-17T14:27:27","guid":{"rendered":"https:\/\/colorbanner.com.br\/?post_type=product&#038;p=84"},"modified":"2023-12-08T19:28:40","modified_gmt":"2023-12-08T22:28:40","slug":"faixa-10x10","status":"publish","type":"product","link":"https:\/\/colorbanner.com.br\/?product=faixa-10x10","title":{"rendered":"FAIXA &#8211; 1,0X1,0"},"content":{"rendered":"<p>Faixa Impress\u00e3o Digital ( Sendo 1.0 metros de largura por 1.0 de altura)<\/p>\n<ul>\n<li><strong>Produ\u00e7\u00e3o:<\/strong> Arte Final 2 Dias \u00dateis, Produ\u00e7\u00e3o 3 Dias \u00dateis<\/li>\n<li><strong>Arte Final:<\/strong> Fornecida pelo Color Banner, m\u00e1ximo de 2 altera\u00e7\u00f5es (cliente dever\u00e1 enviar dados, logotipo, ideia de fundo e cores). Arte e altera\u00e7\u00f5es ser\u00e1 enviado via e-mail.<\/li>\n<\/ul>\n<p>&nbsp;<\/p>\n","protected":false},"excerpt":{"rendered":"<p>Faixa Impress\u00e3o Digital ( Sendo 1.0 metros de largura por 1.0 de altura) Produ\u00e7\u00e3o: Arte Final 2 Dias \u00dateis, Produ\u00e7\u00e3o 3 Dias \u00dateis Arte Final: Fornecida pelo Color Banner, m\u00e1ximo de 2 altera\u00e7\u00f5es (cliente dever\u00e1 enviar dados, logotipo, ideia de fundo e cores). Arte e altera\u00e7\u00f5es ser\u00e1 enviado via e-mail. &nbsp;<\/p>\n","protected":false},"featured_media":110,"comment_status":"closed","ping_status":"closed","template":"","meta":[],"product_brand":[],"product_cat":[25],"product_tag":[54],"class_list":{"0":"post-84","1":"product","2":"type-product","3":"status-publish","4":"has-post-thumbnail","6":"product_cat-faixas","7":"product_tag-impressao-digital","9":"first","10":"instock","11":"taxable","12":"shipping-taxable","13":"purchasable","14":"product-type-simple"},"_links":{"self":[{"href":"https:\/\/colorbanner.com.br\/index.php?rest_route=\/wp\/v2\/product\/84","targetHints":{"allow":["GET"]}}],"collection":[{"href":"https:\/\/colorbanner.com.br\/index.php?rest_route=\/wp\/v2\/product"}],"about":[{"href":"https:\/\/colorbanner.com.br\/index.php?rest_route=\/wp\/v2\/types\/product"}],"replies":[{"embeddable":true,"href":"https:\/\/colorbanner.com.br\/index.php?rest_route=%2Fwp%2Fv2%2Fcomments&post=84"}],"wp:featuredmedia":[{"embeddable":true,"href":"https:\/\/colorbanner.com.br\/index.php?rest_route=\/wp\/v2\/media\/110"}],"wp:attachment":[{"href":"https:\/\/colorbanner.com.br\/index.php?rest_route=%2Fwp%2Fv2%2Fmedia&parent=84"}],"wp:term":[{"taxonomy":"product_brand","embeddable":true,"href":"https:\/\/colorbanner.com.br\/index.php?rest_route=%2Fwp%2Fv2%2Fproduct_brand&post=84"},{"taxonomy":"product_cat","embeddable":true,"href":"https:\/\/colorbanner.com.br\/index.php?rest_route=%2Fwp%2Fv2%2Fproduct_cat&post=84"},{"taxonomy":"product_tag","embeddable":true,"href":"https:\/\/colorbanner.com.br\/index.php?rest_route=%2Fwp%2Fv2%2Fproduct_tag&post=84"}],"curies":[{"name":"wp","href":"https:\/\/api.w.org\/{rel}","templated":true}]}}