{"id":88,"date":"2023-11-17T11:27:28","date_gmt":"2023-11-17T14:27:28","guid":{"rendered":"https:\/\/colorbanner.com.br\/?post_type=product&#038;p=88"},"modified":"2023-12-08T19:27:45","modified_gmt":"2023-12-08T22:27:45","slug":"panfleto-4x4-14x20cm-couche-80grs-1-2-da-sulfite","status":"publish","type":"product","link":"https:\/\/colorbanner.com.br\/?product=panfleto-4x4-14x20cm-couche-80grs-1-2-da-sulfite","title":{"rendered":"Panfleto 4&#215;4 &#8211; 14x20cm &#8211; Couche 80grs | 1\/2 da Sulfite"},"content":{"rendered":"<p>Para ter sucesso no seu neg\u00f3cio, n\u00e3o basta oferecer um bom servi\u00e7o\/ produto, \u00e9 necess\u00e1rio que a sua empresa tenha visibilidade, desta forma \u00e9 necess\u00e1rio divulgar para seu p\u00fablico alvo o seu produto\/servi\u00e7o. Muitos pensam que divulgar para atingir um grande n\u00famero de pessoas \u00e9 um custo muito alto e dif\u00edcil, e \u00e9 neste caso que entra a panfletagem como estrat\u00e9gia de divulga\u00e7\u00e3o, para quem tem um budget limitado. Sabendo utilizar, a panfletagem pode ser eficaz e eficiente e trazer um retorno consider\u00e1vel para seu neg\u00f3cio. As vantagens da panfletagem s\u00e3o:<\/p>\n<p>\u2022 Atinge um grande n\u00famero de pessoas em pouco tempo;<\/p>\n<p>\u2022 Custo baixo para a empresa;<\/p>\n<p>\u2022 A panfletagem tem poder de informar o seu p\u00fablico sobre o produto ou servi\u00e7o que oferece;<\/p>\n<p>\u2022 Voc\u00ea decidir o local que quer divulgar a sua empresa;<\/p>\n<p>\u2022 F\u00e1cil de produzir e distribuir.<\/p>\n","protected":false},"excerpt":{"rendered":"<p>Os Panfletos ou Folhetos Couch\u00ea 80g Sem verniz da Color Banner s\u00e3o produzidos com a mais alta qualidade na impress\u00e3o e visa atender um mercado muito exigente.<\/p>\n<ul>\n<li><strong>Papel:<\/strong>\u00a0Briho 80grs<\/li>\n<li><strong>Formato:<\/strong> 14x20cm<\/li>\n<li><strong>Produ\u00e7\u00e3o:<\/strong>\u00a05 dias \u00fateis<\/li>\n<li><strong>Peso:<\/strong>\u00a01 kg<\/li>\n<li><strong>Arte Final:<\/strong> Fornecida pelo Color Banner, m\u00e1ximo de 2 altera\u00e7\u00f5es (cliente dever\u00e1 enviar dados, logotipo, ideia de fundo e cores). Arte e altera\u00e7\u00f5es ser\u00e3o enviados via e-mail<\/li>\n<\/ul>\n","protected":false},"featured_media":114,"comment_status":"closed","ping_status":"closed","template":"","meta":[],"product_brand":[],"product_cat":[19],"product_tag":[53],"class_list":{"0":"post-88","1":"product","2":"type-product","3":"status-publish","4":"has-post-thumbnail","6":"product_cat-folhetos","7":"product_tag-grafica","8":"pa_quantidades-1-000","9":"pa_quantidades-10-000","10":"pa_quantidades-2-500","11":"pa_quantidades-5-000","13":"first","14":"instock","15":"taxable","16":"shipping-taxable","17":"purchasable","18":"product-type-variable"},"_links":{"self":[{"href":"https:\/\/colorbanner.com.br\/index.php?rest_route=\/wp\/v2\/product\/88","targetHints":{"allow":["GET"]}}],"collection":[{"href":"https:\/\/colorbanner.com.br\/index.php?rest_route=\/wp\/v2\/product"}],"about":[{"href":"https:\/\/colorbanner.com.br\/index.php?rest_route=\/wp\/v2\/types\/product"}],"replies":[{"embeddable":true,"href":"https:\/\/colorbanner.com.br\/index.php?rest_route=%2Fwp%2Fv2%2Fcomments&post=88"}],"wp:featuredmedia":[{"embeddable":true,"href":"https:\/\/colorbanner.com.br\/index.php?rest_route=\/wp\/v2\/media\/114"}],"wp:attachment":[{"href":"https:\/\/colorbanner.com.br\/index.php?rest_route=%2Fwp%2Fv2%2Fmedia&parent=88"}],"wp:term":[{"taxonomy":"product_brand","embeddable":true,"href":"https:\/\/colorbanner.com.br\/index.php?rest_route=%2Fwp%2Fv2%2Fproduct_brand&post=88"},{"taxonomy":"product_cat","embeddable":true,"href":"https:\/\/colorbanner.com.br\/index.php?rest_route=%2Fwp%2Fv2%2Fproduct_cat&post=88"},{"taxonomy":"product_tag","embeddable":true,"href":"https:\/\/colorbanner.com.br\/index.php?rest_route=%2Fwp%2Fv2%2Fproduct_tag&post=88"}],"curies":[{"name":"wp","href":"https:\/\/api.w.org\/{rel}","templated":true}]}}