{"id":93,"date":"2023-11-17T11:27:28","date_gmt":"2023-11-17T14:27:28","guid":{"rendered":"https:\/\/colorbanner.com.br\/?post_type=product&#038;p=93"},"modified":"2024-04-05T17:45:05","modified_gmt":"2024-04-05T20:45:05","slug":"placa-40x60-1mm-unidade","status":"publish","type":"product","link":"https:\/\/colorbanner.com.br\/?product=placa-40x60-1mm-unidade","title":{"rendered":"PLACA 40X60 1mm (Unidade)"},"content":{"rendered":"<p>Placa de PS adesivada com impresso Digital de alta qualidade.<\/p>\n<p>Dimens\u00e3o: 40&#215;60 1mm.<\/p>\n<p>(Temos outros tamanhos de Placas, consulte-nos.)<\/p>\n","protected":false},"excerpt":{"rendered":"<p>A\u00a0<strong>placa em PS adesivada<\/strong>\u00a0\u00e9 uma \u00f3tima op\u00e7\u00e3o para compor a ambienta\u00e7\u00e3o dos com\u00e9rcios, como decora\u00e7\u00e3o ou como material informativo. Em alguns estabelecimentos, elas s\u00e3o utilizadas para divulgar o logo da marca, mas tamb\u00e9m podem ser empregadas para informar o pre\u00e7o de produtos e at\u00e9 para dar informa\u00e7\u00f5es de seguran\u00e7a para os clientes.<\/p>\n","protected":false},"featured_media":888,"comment_status":"closed","ping_status":"closed","template":"","meta":[],"product_brand":[],"product_cat":[37],"product_tag":[54],"class_list":{"0":"post-93","1":"product","2":"type-product","3":"status-publish","4":"has-post-thumbnail","6":"product_cat-placas","7":"product_tag-impressao-digital","9":"first","10":"instock","11":"taxable","12":"shipping-taxable","13":"purchasable","14":"product-type-simple"},"_links":{"self":[{"href":"https:\/\/colorbanner.com.br\/index.php?rest_route=\/wp\/v2\/product\/93","targetHints":{"allow":["GET"]}}],"collection":[{"href":"https:\/\/colorbanner.com.br\/index.php?rest_route=\/wp\/v2\/product"}],"about":[{"href":"https:\/\/colorbanner.com.br\/index.php?rest_route=\/wp\/v2\/types\/product"}],"replies":[{"embeddable":true,"href":"https:\/\/colorbanner.com.br\/index.php?rest_route=%2Fwp%2Fv2%2Fcomments&post=93"}],"wp:featuredmedia":[{"embeddable":true,"href":"https:\/\/colorbanner.com.br\/index.php?rest_route=\/wp\/v2\/media\/888"}],"wp:attachment":[{"href":"https:\/\/colorbanner.com.br\/index.php?rest_route=%2Fwp%2Fv2%2Fmedia&parent=93"}],"wp:term":[{"taxonomy":"product_brand","embeddable":true,"href":"https:\/\/colorbanner.com.br\/index.php?rest_route=%2Fwp%2Fv2%2Fproduct_brand&post=93"},{"taxonomy":"product_cat","embeddable":true,"href":"https:\/\/colorbanner.com.br\/index.php?rest_route=%2Fwp%2Fv2%2Fproduct_cat&post=93"},{"taxonomy":"product_tag","embeddable":true,"href":"https:\/\/colorbanner.com.br\/index.php?rest_route=%2Fwp%2Fv2%2Fproduct_tag&post=93"}],"curies":[{"name":"wp","href":"https:\/\/api.w.org\/{rel}","templated":true}]}}