{"id":94,"date":"2023-11-17T11:27:28","date_gmt":"2023-11-17T14:27:28","guid":{"rendered":"https:\/\/colorbanner.com.br\/?post_type=product&#038;p=94"},"modified":"2023-11-17T11:27:48","modified_gmt":"2023-11-17T14:27:48","slug":"folheto-4x0-14x20-couche-80grs-1-2-da-sulfite","status":"publish","type":"product","link":"https:\/\/colorbanner.com.br\/?product=folheto-4x0-14x20-couche-80grs-1-2-da-sulfite","title":{"rendered":"Folheto 4\u00d70 \u2013 14\u00d720 \u2013 Couche 80grs | 1\/2 da Sulfite"},"content":{"rendered":"","protected":false},"excerpt":{"rendered":"<p>Os Panfletos ou Folhetos Couch\u00ea 80g Sem verniz da Color Banner s\u00e3o produzidos com a mais alta qualidade na impress\u00e3o e visa atender um mercado muito exigente.<\/p>\n<ul>\n<li><strong>Papel:<\/strong>\u00a0Briho 80Grs<\/li>\n<li>\u00a0<strong>Formato:<\/strong> 14x20cm<\/li>\n<li><strong>Produ\u00e7\u00e3o:<\/strong>\u00a05 dias \u00fateis<\/li>\n<li>\u00a0<strong>Peso:<\/strong>\u00a01 kg<\/li>\n<li><strong>Arte Final:<\/strong> Fornecida pelo Color Banner, m\u00e1ximo de 2 altera\u00e7\u00f5es (cliente dever\u00e1 enviar dados, logotipo, ideia de fundo e cores). Arte e altera\u00e7\u00f5es ser\u00e3o enviados via e-mail<\/li>\n<\/ul>\n","protected":false},"featured_media":116,"comment_status":"closed","ping_status":"closed","template":"","meta":[],"product_brand":[],"product_cat":[19],"product_tag":[],"class_list":{"0":"post-94","1":"product","2":"type-product","3":"status-publish","4":"has-post-thumbnail","6":"product_cat-folhetos","7":"pa_quantidades-1-000","8":"pa_quantidades-2-500","9":"pa_quantidades-5-000","11":"first","12":"instock","13":"taxable","14":"shipping-taxable","15":"purchasable","16":"product-type-variable"},"_links":{"self":[{"href":"https:\/\/colorbanner.com.br\/index.php?rest_route=\/wp\/v2\/product\/94","targetHints":{"allow":["GET"]}}],"collection":[{"href":"https:\/\/colorbanner.com.br\/index.php?rest_route=\/wp\/v2\/product"}],"about":[{"href":"https:\/\/colorbanner.com.br\/index.php?rest_route=\/wp\/v2\/types\/product"}],"replies":[{"embeddable":true,"href":"https:\/\/colorbanner.com.br\/index.php?rest_route=%2Fwp%2Fv2%2Fcomments&post=94"}],"wp:featuredmedia":[{"embeddable":true,"href":"https:\/\/colorbanner.com.br\/index.php?rest_route=\/wp\/v2\/media\/116"}],"wp:attachment":[{"href":"https:\/\/colorbanner.com.br\/index.php?rest_route=%2Fwp%2Fv2%2Fmedia&parent=94"}],"wp:term":[{"taxonomy":"product_brand","embeddable":true,"href":"https:\/\/colorbanner.com.br\/index.php?rest_route=%2Fwp%2Fv2%2Fproduct_brand&post=94"},{"taxonomy":"product_cat","embeddable":true,"href":"https:\/\/colorbanner.com.br\/index.php?rest_route=%2Fwp%2Fv2%2Fproduct_cat&post=94"},{"taxonomy":"product_tag","embeddable":true,"href":"https:\/\/colorbanner.com.br\/index.php?rest_route=%2Fwp%2Fv2%2Fproduct_tag&post=94"}],"curies":[{"name":"wp","href":"https:\/\/api.w.org\/{rel}","templated":true}]}}