{"id":98,"date":"2023-11-17T11:27:28","date_gmt":"2023-11-17T14:27:28","guid":{"rendered":"https:\/\/colorbanner.com.br\/?post_type=product&#038;p=98"},"modified":"2024-04-05T17:46:28","modified_gmt":"2024-04-05T20:46:28","slug":"placa-imobiliaria-40x60-1mm-c-4-furos-100-unidades","status":"publish","type":"product","link":"https:\/\/colorbanner.com.br\/?product=placa-imobiliaria-40x60-1mm-c-4-furos-100-unidades","title":{"rendered":"PLACA IMOBILI\u00c1RIA 40X60 1mm C\/ 4 FUROS"},"content":{"rendered":"<p>&nbsp;<\/p>\n<ul>\n<li><strong>Acabamento:<\/strong> Placa de PVC, 1mm<\/li>\n<li><strong>Produ\u00e7\u00e3o: <\/strong>2 a 3\u00a0 dias para produ\u00e7\u00e3o da arte e enviada para aprova\u00e7\u00e3o por E-mail, ap\u00f3s aprova\u00e7\u00e3o acrescenta + 4 dias uteis de impress\u00e3o e acabamento<\/li>\n<li><b>Arte desenvolvida pela Color Banner<\/b><\/li>\n<\/ul>\n","protected":false},"excerpt":{"rendered":"<p><strong>Tamanho:<br \/>\n<\/strong>Dimens\u00f5es da placa de pvc de : 40cmX60cm<\/p>\n<p><strong>Impress\u00e3o:<\/strong><br \/>\nMaterial impresso com qualidade de \u00faltima gera\u00e7\u00e3o (Impress\u00e3o Digital)<\/p>\n","protected":false},"featured_media":889,"comment_status":"closed","ping_status":"closed","template":"","meta":[],"product_brand":[],"product_cat":[37],"product_tag":[54],"class_list":{"0":"post-98","1":"product","2":"type-product","3":"status-publish","4":"has-post-thumbnail","6":"product_cat-placas","7":"product_tag-impressao-digital","9":"first","10":"instock","11":"taxable","12":"shipping-taxable","13":"purchasable","14":"product-type-variable"},"_links":{"self":[{"href":"https:\/\/colorbanner.com.br\/index.php?rest_route=\/wp\/v2\/product\/98","targetHints":{"allow":["GET"]}}],"collection":[{"href":"https:\/\/colorbanner.com.br\/index.php?rest_route=\/wp\/v2\/product"}],"about":[{"href":"https:\/\/colorbanner.com.br\/index.php?rest_route=\/wp\/v2\/types\/product"}],"replies":[{"embeddable":true,"href":"https:\/\/colorbanner.com.br\/index.php?rest_route=%2Fwp%2Fv2%2Fcomments&post=98"}],"wp:featuredmedia":[{"embeddable":true,"href":"https:\/\/colorbanner.com.br\/index.php?rest_route=\/wp\/v2\/media\/889"}],"wp:attachment":[{"href":"https:\/\/colorbanner.com.br\/index.php?rest_route=%2Fwp%2Fv2%2Fmedia&parent=98"}],"wp:term":[{"taxonomy":"product_brand","embeddable":true,"href":"https:\/\/colorbanner.com.br\/index.php?rest_route=%2Fwp%2Fv2%2Fproduct_brand&post=98"},{"taxonomy":"product_cat","embeddable":true,"href":"https:\/\/colorbanner.com.br\/index.php?rest_route=%2Fwp%2Fv2%2Fproduct_cat&post=98"},{"taxonomy":"product_tag","embeddable":true,"href":"https:\/\/colorbanner.com.br\/index.php?rest_route=%2Fwp%2Fv2%2Fproduct_tag&post=98"}],"curies":[{"name":"wp","href":"https:\/\/api.w.org\/{rel}","templated":true}]}}