{"id":99,"date":"2023-11-17T11:27:28","date_gmt":"2023-11-17T14:27:28","guid":{"rendered":"https:\/\/colorbanner.com.br\/?post_type=product&#038;p=99"},"modified":"2024-04-05T17:47:44","modified_gmt":"2024-04-05T20:47:44","slug":"cartazes-a3-40x30-couche-170g-brilho-arte-brinde","status":"publish","type":"product","link":"https:\/\/colorbanner.com.br\/?product=cartazes-a3-40x30-couche-170g-brilho-arte-brinde","title":{"rendered":"CARTAZES A3 40X30 &#8211;  (ARTE BRINDE)"},"content":{"rendered":"<p>Sua fun\u00e7\u00e3o principal \u00e9 a de divulgar uma informa\u00e7\u00e3o visualmente, mas tamb\u00e9m tem sido apreciada como uma pe\u00e7a de valor est\u00e9tico. Al\u00e9m da sua import\u00e2ncia como meio de publicidade e de informa\u00e7\u00e3o visual, o\u00a0<b>cartaz<\/b>\u00a0possui um valor hist\u00f3rico como meio de divulga\u00e7\u00e3o em importantes movimentos de car\u00e1ter pol\u00edtico ou art\u00edstico.<\/p>\n","protected":false},"excerpt":{"rendered":"<p>Dimens\u00e3o de 40&#215;30<\/p>\n<p>Couch\u00e9 170g Brilho<\/p>\n<p>Arte Produzida pela Color Banner<\/p>\n<p>Prazo: 2 a 3 dias uteis para produ\u00e7\u00e3o da arte, onde enviamos para aprova\u00e7\u00e3o (Com direito a apenas UMA altera\u00e7\u00e3o no Layout) ap\u00f3s a prova\u00e7\u00e3o acrescenta 1 a 2 dias uteis de impress\u00e3o.<\/p>\n","protected":false},"featured_media":885,"comment_status":"closed","ping_status":"closed","template":"","meta":[],"product_brand":[],"product_cat":[18],"product_tag":[],"class_list":{"0":"post-99","1":"product","2":"type-product","3":"status-publish","4":"has-post-thumbnail","6":"product_cat-cartao-de-visita","7":"pa_quantidades-41","8":"pa_quantidades-28","9":"pa_quantidades-42","11":"first","12":"instock","13":"taxable","14":"shipping-taxable","15":"purchasable","16":"product-type-variable"},"_links":{"self":[{"href":"https:\/\/colorbanner.com.br\/index.php?rest_route=\/wp\/v2\/product\/99","targetHints":{"allow":["GET"]}}],"collection":[{"href":"https:\/\/colorbanner.com.br\/index.php?rest_route=\/wp\/v2\/product"}],"about":[{"href":"https:\/\/colorbanner.com.br\/index.php?rest_route=\/wp\/v2\/types\/product"}],"replies":[{"embeddable":true,"href":"https:\/\/colorbanner.com.br\/index.php?rest_route=%2Fwp%2Fv2%2Fcomments&post=99"}],"wp:featuredmedia":[{"embeddable":true,"href":"https:\/\/colorbanner.com.br\/index.php?rest_route=\/wp\/v2\/media\/885"}],"wp:attachment":[{"href":"https:\/\/colorbanner.com.br\/index.php?rest_route=%2Fwp%2Fv2%2Fmedia&parent=99"}],"wp:term":[{"taxonomy":"product_brand","embeddable":true,"href":"https:\/\/colorbanner.com.br\/index.php?rest_route=%2Fwp%2Fv2%2Fproduct_brand&post=99"},{"taxonomy":"product_cat","embeddable":true,"href":"https:\/\/colorbanner.com.br\/index.php?rest_route=%2Fwp%2Fv2%2Fproduct_cat&post=99"},{"taxonomy":"product_tag","embeddable":true,"href":"https:\/\/colorbanner.com.br\/index.php?rest_route=%2Fwp%2Fv2%2Fproduct_tag&post=99"}],"curies":[{"name":"wp","href":"https:\/\/api.w.org\/{rel}","templated":true}]}}